{"id":3907,"date":"2021-07-29T11:16:28","date_gmt":"2021-07-29T11:16:28","guid":{"rendered":"https:\/\/tc2e.speedlink.aero\/belgie\/"},"modified":"2021-12-15T14:54:26","modified_gmt":"2021-12-15T14:54:26","slug":"belgie","status":"publish","type":"page","link":"https:\/\/speedlink.aero\/nl\/belgie\/","title":{"rendered":"Belgi\u00eb"},"content":{"rendered":"\t\t<div data-elementor-type=\"wp-page\" data-elementor-id=\"3907\" class=\"elementor elementor-3907 elementor-3336\">\n\t\t\t\t\t\t<section class=\"elementor-section elementor-top-section elementor-element elementor-element-2d9b970b elementor-section-boxed elementor-section-height-default elementor-section-height-default\" data-id=\"2d9b970b\" data-element_type=\"section\" data-settings=\"{&quot;background_background&quot;:&quot;classic&quot;}\">\n\t\t\t\t\t\t\t<div class=\"elementor-background-overlay\"><\/div>\n\t\t\t\t\t\t\t<div class=\"elementor-container elementor-column-gap-default\">\n\t\t\t\t\t<div class=\"elementor-column elementor-col-100 elementor-top-column elementor-element elementor-element-59c2c5e6\" data-id=\"59c2c5e6\" data-element_type=\"column\">\n\t\t\t<div class=\"elementor-widget-wrap elementor-element-populated\">\n\t\t\t\t\t\t<div class=\"elementor-element elementor-element-c634a43 elementor-widget elementor-widget-heading\" data-id=\"c634a43\" data-element_type=\"widget\" data-widget_type=\"heading.default\">\n\t\t\t\t<div class=\"elementor-widget-container\">\n\t\t\t<h1 class=\"elementor-heading-title elementor-size-xl\">Belgi\u00eb<\/h1>\t\t<\/div>\n\t\t\t\t<\/div>\n\t\t\t\t<div class=\"elementor-element elementor-element-4acc2ca2 elementor-widget-divider--view-line elementor-widget elementor-widget-divider\" data-id=\"4acc2ca2\" data-element_type=\"widget\" data-widget_type=\"divider.default\">\n\t\t\t\t<div class=\"elementor-widget-container\">\n\t\t\t\t\t<div class=\"elementor-divider\">\n\t\t\t<span class=\"elementor-divider-separator\">\n\t\t\t\t\t\t<\/span>\n\t\t<\/div>\n\t\t\t\t<\/div>\n\t\t\t\t<\/div>\n\t\t\t\t<div class=\"elementor-element elementor-element-3e0c23c0 elementor-widget elementor-widget-heading\" data-id=\"3e0c23c0\" data-element_type=\"widget\" data-widget_type=\"heading.default\">\n\t\t\t\t<div class=\"elementor-widget-container\">\n\t\t\t<h1 class=\"elementor-heading-title elementor-size-xl\">Meer dan 25 jaar ervaring met direct infeeds in local hero networks, waardoor u een snelle overkomst verkrijgt en een eficiente last mile<\/h1>\t\t<\/div>\n\t\t\t\t<\/div>\n\t\t\t\t\t<\/div>\n\t\t<\/div>\n\t\t\t\t\t<\/div>\n\t\t<\/section>\n\t\t\t\t<section class=\"elementor-section elementor-top-section elementor-element elementor-element-3de32d8 elementor-section-boxed elementor-section-height-default elementor-section-height-default\" data-id=\"3de32d8\" data-element_type=\"section\">\n\t\t\t\t\t\t<div class=\"elementor-container elementor-column-gap-default\">\n\t\t\t\t\t<div class=\"elementor-column elementor-col-100 elementor-top-column elementor-element elementor-element-4f14183\" data-id=\"4f14183\" data-element_type=\"column\">\n\t\t\t<div class=\"elementor-widget-wrap elementor-element-populated\">\n\t\t\t\t\t\t<div class=\"elementor-element elementor-element-efae471 elementor-widget elementor-widget-heading\" data-id=\"efae471\" data-element_type=\"widget\" data-widget_type=\"heading.default\">\n\t\t\t\t<div class=\"elementor-widget-container\">\n\t\t\t<h2 class=\"elementor-heading-title elementor-size-default\">Belgi\u00eb<\/h2>\t\t<\/div>\n\t\t\t\t<\/div>\n\t\t\t\t<div class=\"elementor-element elementor-element-c6d2002 elementor-widget-divider--view-line elementor-widget elementor-widget-divider\" data-id=\"c6d2002\" data-element_type=\"widget\" data-widget_type=\"divider.default\">\n\t\t\t\t<div class=\"elementor-widget-container\">\n\t\t\t\t\t<div class=\"elementor-divider\">\n\t\t\t<span class=\"elementor-divider-separator\">\n\t\t\t\t\t\t<\/span>\n\t\t<\/div>\n\t\t\t\t<\/div>\n\t\t\t\t<\/div>\n\t\t\t\t<div class=\"elementor-element elementor-element-0c5faa0 elementor-widget elementor-widget-text-editor\" data-id=\"0c5faa0\" data-element_type=\"widget\" data-settings=\"{&quot;_animation&quot;:&quot;none&quot;}\" data-widget_type=\"text-editor.default\">\n\t\t\t\t<div class=\"elementor-widget-container\">\n\t\t\t\t\t\t\t<p><span style=\"font-family: Montserrat, sans-serif; font-size: 1.5rem; font-style: inherit; font-weight: bold;\">Diensten aanbod:<\/span><\/p><div style=\"width: 1040px;\" data-id=\"0c5faa0\" data-element_type=\"widget\" data-settings=\"{&quot;_animation&quot;:&quot;none&quot;}\" data-widget_type=\"text-editor.default\"><div><div><div><ul style=\"font-size: 16px;\"><li style=\"font-size: 16px;\">Overnight Express (next day zending binnen Belgi\u00eb)<\/li><li style=\"font-size: 16px;\">Retouren logistiek (Recall van bijvoorbeeld airbags, ADR en overige goederen)<\/li><li style=\"font-size: 16px;\">Same day (spoedlevering)<\/li><li style=\"font-size: 16px;\">Forward Stocking Locations (FSL)<\/li><li style=\"font-size: 16px;\">Innight carboot (kofferbak) leveringen<\/li><li style=\"font-size: 16px;\">E-commerce oplossingen via local hero netwerken (Bpost of Postnl)<\/li><li style=\"font-size: 16px;\"><span style=\"font-style: inherit; font-weight: inherit;\">Zaterdag leveringen<\/span><\/li><\/ul><p style=\"font-size: 16px;\"><span style=\"font-weight: bold;\">Gateway to Europe<\/span><br \/>Vanuit verschillende wereldwijde bestemmingen worden er pakketten naar Schiphol gevlogen. Speedlink zorgt voor inklaring van deze goederen, waarna deze geinjecteerd worden via een direct infeed in een local hero distributie netwerk. Vanuit Schiphol rijdt Speedlink dagelijkse linehauls die connectie maken met onze netwerkpartners, waardoor u een late cut off verkrijgt met een lokaal ingeckochte last mile via een gespecialiseerd netwerk.<\/p><p style=\"font-size: 16px;\"><span style=\"font-weight: bold;\">Same day delivery<\/span><br \/>Speedlink biedt same day of spoed zendingen aan binnen heel Belgi\u00eb, maar ook vanuit Belgi\u00eb naar alle internationale bestemmingen. Dagelijks rijden onze collectieroutes door Belgi\u00eb, waardoor er snel geschakeld kan worden.\u00a0<span style=\"font-style: inherit; font-weight: inherit;\">\u00a0<\/span><\/p><p style=\"font-size: 16px;\"><span style=\"font-weight: bold;\">Interfaces<\/span><br \/>De Speedlink Data Hub (SDH) verzekert u van een turn-key interface, die voldoet aan al uw behoeften op het gebied van data uitwisseling, (Real Time) track en trace, reporting van zowel incident- als managementinformatie.<\/p><\/div><\/div><\/div><\/div>\t\t\t\t\t\t<\/div>\n\t\t\t\t<\/div>\n\t\t\t\t\t<\/div>\n\t\t<\/div>\n\t\t\t\t\t<\/div>\n\t\t<\/section>\n\t\t\t\t<\/div>\n\t\t","protected":false},"excerpt":{"rendered":"<p>Belgi\u00eb Meer dan 25 jaar ervaring met direct infeeds in local hero networks, waardoor u een snelle overkomst verkrijgt en een eficiente last mile Belgi\u00eb Diensten aanbod: Overnight Express (next day zending binnen Belgi\u00eb) Retouren logistiek (Recall van bijvoorbeeld airbags, ADR en overige goederen) Same day (spoedlevering) Forward Stocking Locations (FSL) Innight carboot (kofferbak) leveringen [&hellip;]<\/p>\n","protected":false},"author":1,"featured_media":0,"parent":0,"menu_order":0,"comment_status":"closed","ping_status":"closed","template":"","meta":{"site-sidebar-layout":"no-sidebar","site-content-layout":"page-builder","ast-site-content-layout":"default","site-content-style":"default","site-sidebar-style":"default","ast-global-header-display":"","ast-banner-title-visibility":"","ast-main-header-display":"","ast-hfb-above-header-display":"","ast-hfb-below-header-display":"","ast-hfb-mobile-header-display":"","site-post-title":"disabled","ast-breadcrumbs-content":"","ast-featured-img":"disabled","footer-sml-layout":"","ast-disable-related-posts":"","theme-transparent-header-meta":"default","adv-header-id-meta":"","stick-header-meta":"","header-above-stick-meta":"","header-main-stick-meta":"","header-below-stick-meta":"","astra-migrate-meta-layouts":"default","ast-page-background-enabled":"default","ast-page-background-meta":{"desktop":{"background-color":"","background-image":"","background-repeat":"repeat","background-position":"center center","background-size":"auto","background-attachment":"scroll","background-type":"","background-media":"","overlay-type":"","overlay-color":"","overlay-opacity":"","overlay-gradient":""},"tablet":{"background-color":"","background-image":"","background-repeat":"repeat","background-position":"center center","background-size":"auto","background-attachment":"scroll","background-type":"","background-media":"","overlay-type":"","overlay-color":"","overlay-opacity":"","overlay-gradient":""},"mobile":{"background-color":"","background-image":"","background-repeat":"repeat","background-position":"center center","background-size":"auto","background-attachment":"scroll","background-type":"","background-media":"","overlay-type":"","overlay-color":"","overlay-opacity":"","overlay-gradient":""}},"ast-content-background-meta":{"desktop":{"background-color":"var(--ast-global-color-5)","background-image":"","background-repeat":"repeat","background-position":"center center","background-size":"auto","background-attachment":"scroll","background-type":"","background-media":"","overlay-type":"","overlay-color":"","overlay-opacity":"","overlay-gradient":""},"tablet":{"background-color":"var(--ast-global-color-5)","background-image":"","background-repeat":"repeat","background-position":"center center","background-size":"auto","background-attachment":"scroll","background-type":"","background-media":"","overlay-type":"","overlay-color":"","overlay-opacity":"","overlay-gradient":""},"mobile":{"background-color":"var(--ast-global-color-5)","background-image":"","background-repeat":"repeat","background-position":"center center","background-size":"auto","background-attachment":"scroll","background-type":"","background-media":"","overlay-type":"","overlay-color":"","overlay-opacity":"","overlay-gradient":""}}},"yoast_head":"<!-- This site is optimized with the Yoast SEO Premium plugin v18.1 (Yoast SEO v19.7.1) - https:\/\/yoast.com\/wordpress\/plugins\/seo\/ -->\n<title>Belgi\u00eb Pakket Distributie | Speedlink Worldwide Express BV<\/title>\n<meta name=\"description\" content=\"Speedlink verzorgt dagelijkse linehauls over de weg en door de lucht, naar de Benelux | Same Day &amp; Next Day Express services, Innight services\" \/>\n<meta name=\"robots\" content=\"index, follow, max-snippet:-1, max-image-preview:large, max-video-preview:-1\" \/>\n<link rel=\"canonical\" href=\"https:\/\/speedlink.aero\/nl\/belgie\/\" \/>\n<meta property=\"og:locale\" content=\"nl_NL\" \/>\n<meta property=\"og:type\" content=\"article\" \/>\n<meta property=\"og:title\" content=\"Belgi\u00eb\" \/>\n<meta property=\"og:description\" content=\"Speedlink verzorgt dagelijkse linehauls over de weg en door de lucht, naar de Benelux | Same Day &amp; Next Day Express services, Innight services\" \/>\n<meta property=\"og:url\" content=\"https:\/\/speedlink.aero\/nl\/belgie\/\" \/>\n<meta property=\"og:site_name\" content=\"Speedlink Worldwide Express BV\" \/>\n<meta property=\"article:publisher\" content=\"https:\/\/nl-nl.facebook.com\/SpeedlinkExpress\/\" \/>\n<meta property=\"article:modified_time\" content=\"2021-12-15T14:54:26+00:00\" \/>\n<meta property=\"og:image\" content=\"https:\/\/speedlink.aero\/wp-content\/uploads\/2021\/07\/SpeedlinkLogo2.png\" \/>\n\t<meta property=\"og:image:width\" content=\"1000\" \/>\n\t<meta property=\"og:image:height\" content=\"1000\" \/>\n\t<meta property=\"og:image:type\" content=\"image\/png\" \/>\n<meta name=\"twitter:card\" content=\"summary_large_image\" \/>\n<meta name=\"twitter:site\" content=\"@speedlinknl\" \/>\n<meta name=\"twitter:label1\" content=\"Geschatte leestijd\" \/>\n\t<meta name=\"twitter:data1\" content=\"1 minuut\" \/>\n<script type=\"application\/ld+json\" class=\"yoast-schema-graph\">{\"@context\":\"https:\/\/schema.org\",\"@graph\":[{\"@type\":\"WebPage\",\"@id\":\"https:\/\/speedlink.aero\/nl\/belgie\/\",\"url\":\"https:\/\/speedlink.aero\/nl\/belgie\/\",\"name\":\"Belgi\u00eb Pakket Distributie | Speedlink Worldwide Express BV\",\"isPartOf\":{\"@id\":\"https:\/\/speedlink.aero\/#website\"},\"datePublished\":\"2021-07-29T11:16:28+00:00\",\"dateModified\":\"2021-12-15T14:54:26+00:00\",\"description\":\"Speedlink verzorgt dagelijkse linehauls over de weg en door de lucht, naar de Benelux | Same Day & Next Day Express services, Innight services\",\"breadcrumb\":{\"@id\":\"https:\/\/speedlink.aero\/nl\/belgie\/#breadcrumb\"},\"inLanguage\":\"nl\",\"potentialAction\":[{\"@type\":\"ReadAction\",\"target\":[\"https:\/\/speedlink.aero\/nl\/belgie\/\"]}]},{\"@type\":\"BreadcrumbList\",\"@id\":\"https:\/\/speedlink.aero\/nl\/belgie\/#breadcrumb\",\"itemListElement\":[{\"@type\":\"ListItem\",\"position\":1,\"name\":\"Home\",\"item\":\"https:\/\/speedlink.aero\/\"},{\"@type\":\"ListItem\",\"position\":2,\"name\":\"Belgi\u00eb\"}]},{\"@type\":\"WebSite\",\"@id\":\"https:\/\/speedlink.aero\/#website\",\"url\":\"https:\/\/speedlink.aero\/\",\"name\":\"Speedlink Worldwide Express BV\",\"description\":\"International parcels &amp; Express courier\",\"publisher\":{\"@id\":\"https:\/\/speedlink.aero\/#organization\"},\"inLanguage\":\"nl\"},{\"@type\":\"Organization\",\"@id\":\"https:\/\/speedlink.aero\/#organization\",\"name\":\"Speedlink Worldwide Express BV\",\"url\":\"https:\/\/speedlink.aero\/\",\"sameAs\":[\"https:\/\/www.linkedin.com\/company\/speedlink-worldwide-express-b.v.\/?originalSubdomain=nl\",\"https:\/\/nl-nl.facebook.com\/SpeedlinkExpress\/\",\"https:\/\/twitter.com\/speedlinknl\"],\"logo\":{\"@type\":\"ImageObject\",\"inLanguage\":\"nl\",\"@id\":\"https:\/\/speedlink.aero\/#\/schema\/logo\/image\/\",\"url\":\"https:\/\/speedlink.aero\/wp-content\/uploads\/2021\/07\/SpeedlinkLogo2.png\",\"contentUrl\":\"https:\/\/speedlink.aero\/wp-content\/uploads\/2021\/07\/SpeedlinkLogo2.png\",\"width\":1000,\"height\":1000,\"caption\":\"Speedlink Worldwide Express BV\"},\"image\":{\"@id\":\"https:\/\/speedlink.aero\/#\/schema\/logo\/image\/\"}}]}<\/script>\n<!-- \/ Yoast SEO Premium plugin. -->","yoast_head_json":{"title":"Belgi\u00eb Pakket Distributie | Speedlink Worldwide Express BV","description":"Speedlink verzorgt dagelijkse linehauls over de weg en door de lucht, naar de Benelux | Same Day & Next Day Express services, Innight services","robots":{"index":"index","follow":"follow","max-snippet":"max-snippet:-1","max-image-preview":"max-image-preview:large","max-video-preview":"max-video-preview:-1"},"canonical":"https:\/\/speedlink.aero\/nl\/belgie\/","og_locale":"nl_NL","og_type":"article","og_title":"Belgi\u00eb","og_description":"Speedlink verzorgt dagelijkse linehauls over de weg en door de lucht, naar de Benelux | Same Day & Next Day Express services, Innight services","og_url":"https:\/\/speedlink.aero\/nl\/belgie\/","og_site_name":"Speedlink Worldwide Express BV","article_publisher":"https:\/\/nl-nl.facebook.com\/SpeedlinkExpress\/","article_modified_time":"2021-12-15T14:54:26+00:00","og_image":[{"width":1000,"height":1000,"url":"https:\/\/speedlink.aero\/wp-content\/uploads\/2021\/07\/SpeedlinkLogo2.png","type":"image\/png"}],"twitter_card":"summary_large_image","twitter_site":"@speedlinknl","twitter_misc":{"Geschatte leestijd":"1 minuut"},"schema":{"@context":"https:\/\/schema.org","@graph":[{"@type":"WebPage","@id":"https:\/\/speedlink.aero\/nl\/belgie\/","url":"https:\/\/speedlink.aero\/nl\/belgie\/","name":"Belgi\u00eb Pakket Distributie | Speedlink Worldwide Express BV","isPartOf":{"@id":"https:\/\/speedlink.aero\/#website"},"datePublished":"2021-07-29T11:16:28+00:00","dateModified":"2021-12-15T14:54:26+00:00","description":"Speedlink verzorgt dagelijkse linehauls over de weg en door de lucht, naar de Benelux | Same Day & Next Day Express services, Innight services","breadcrumb":{"@id":"https:\/\/speedlink.aero\/nl\/belgie\/#breadcrumb"},"inLanguage":"nl","potentialAction":[{"@type":"ReadAction","target":["https:\/\/speedlink.aero\/nl\/belgie\/"]}]},{"@type":"BreadcrumbList","@id":"https:\/\/speedlink.aero\/nl\/belgie\/#breadcrumb","itemListElement":[{"@type":"ListItem","position":1,"name":"Home","item":"https:\/\/speedlink.aero\/"},{"@type":"ListItem","position":2,"name":"Belgi\u00eb"}]},{"@type":"WebSite","@id":"https:\/\/speedlink.aero\/#website","url":"https:\/\/speedlink.aero\/","name":"Speedlink Worldwide Express BV","description":"International parcels &amp; Express courier","publisher":{"@id":"https:\/\/speedlink.aero\/#organization"},"inLanguage":"nl"},{"@type":"Organization","@id":"https:\/\/speedlink.aero\/#organization","name":"Speedlink Worldwide Express BV","url":"https:\/\/speedlink.aero\/","sameAs":["https:\/\/www.linkedin.com\/company\/speedlink-worldwide-express-b.v.\/?originalSubdomain=nl","https:\/\/nl-nl.facebook.com\/SpeedlinkExpress\/","https:\/\/twitter.com\/speedlinknl"],"logo":{"@type":"ImageObject","inLanguage":"nl","@id":"https:\/\/speedlink.aero\/#\/schema\/logo\/image\/","url":"https:\/\/speedlink.aero\/wp-content\/uploads\/2021\/07\/SpeedlinkLogo2.png","contentUrl":"https:\/\/speedlink.aero\/wp-content\/uploads\/2021\/07\/SpeedlinkLogo2.png","width":1000,"height":1000,"caption":"Speedlink Worldwide Express BV"},"image":{"@id":"https:\/\/speedlink.aero\/#\/schema\/logo\/image\/"}}]}},"_links":{"self":[{"href":"https:\/\/speedlink.aero\/nl\/wp-json\/wp\/v2\/pages\/3907"}],"collection":[{"href":"https:\/\/speedlink.aero\/nl\/wp-json\/wp\/v2\/pages"}],"about":[{"href":"https:\/\/speedlink.aero\/nl\/wp-json\/wp\/v2\/types\/page"}],"author":[{"embeddable":true,"href":"https:\/\/speedlink.aero\/nl\/wp-json\/wp\/v2\/users\/1"}],"replies":[{"embeddable":true,"href":"https:\/\/speedlink.aero\/nl\/wp-json\/wp\/v2\/comments?post=3907"}],"version-history":[{"count":11,"href":"https:\/\/speedlink.aero\/nl\/wp-json\/wp\/v2\/pages\/3907\/revisions"}],"predecessor-version":[{"id":4997,"href":"https:\/\/speedlink.aero\/nl\/wp-json\/wp\/v2\/pages\/3907\/revisions\/4997"}],"wp:attachment":[{"href":"https:\/\/speedlink.aero\/nl\/wp-json\/wp\/v2\/media?parent=3907"}],"curies":[{"name":"wp","href":"https:\/\/api.w.org\/{rel}","templated":true}]}}