{"id":3929,"date":"2021-07-29T11:18:07","date_gmt":"2021-07-29T11:18:07","guid":{"rendered":"https:\/\/tc2e.speedlink.aero\/spanje\/"},"modified":"2021-12-16T09:51:56","modified_gmt":"2021-12-16T09:51:56","slug":"spanje","status":"publish","type":"page","link":"https:\/\/speedlink.aero\/nl\/spanje\/","title":{"rendered":"Spanje"},"content":{"rendered":"\t\t<div data-elementor-type=\"wp-page\" data-elementor-id=\"3929\" class=\"elementor elementor-3929 elementor-3355\">\n\t\t\t\t\t\t<section class=\"elementor-section elementor-top-section elementor-element elementor-element-4a5c7f14 elementor-section-boxed elementor-section-height-default elementor-section-height-default\" data-id=\"4a5c7f14\" data-element_type=\"section\" data-settings=\"{&quot;background_background&quot;:&quot;classic&quot;}\">\n\t\t\t\t\t\t\t<div class=\"elementor-background-overlay\"><\/div>\n\t\t\t\t\t\t\t<div class=\"elementor-container elementor-column-gap-default\">\n\t\t\t\t\t<div class=\"elementor-column elementor-col-100 elementor-top-column elementor-element elementor-element-270d0386\" data-id=\"270d0386\" data-element_type=\"column\">\n\t\t\t<div class=\"elementor-widget-wrap elementor-element-populated\">\n\t\t\t\t\t\t<div class=\"elementor-element elementor-element-413cc27f elementor-widget elementor-widget-heading\" data-id=\"413cc27f\" data-element_type=\"widget\" data-widget_type=\"heading.default\">\n\t\t\t\t<div class=\"elementor-widget-container\">\n\t\t\t<h1 class=\"elementor-heading-title elementor-size-xl\">Spanje<\/h1>\t\t<\/div>\n\t\t\t\t<\/div>\n\t\t\t\t<div class=\"elementor-element elementor-element-11cca0f5 elementor-widget-divider--view-line elementor-widget elementor-widget-divider\" data-id=\"11cca0f5\" data-element_type=\"widget\" data-widget_type=\"divider.default\">\n\t\t\t\t<div class=\"elementor-widget-container\">\n\t\t\t\t\t<div class=\"elementor-divider\">\n\t\t\t<span class=\"elementor-divider-separator\">\n\t\t\t\t\t\t<\/span>\n\t\t<\/div>\n\t\t\t\t<\/div>\n\t\t\t\t<\/div>\n\t\t\t\t<div class=\"elementor-element elementor-element-2527a4ba elementor-widget elementor-widget-heading\" data-id=\"2527a4ba\" data-element_type=\"widget\" data-widget_type=\"heading.default\">\n\t\t\t\t<div class=\"elementor-widget-container\">\n\t\t\t<h1 class=\"elementor-heading-title elementor-size-xl\">Meer dan 25 jaar ervaring in het afhandelen van internationale zendingen<\/h1>\t\t<\/div>\n\t\t\t\t<\/div>\n\t\t\t\t\t<\/div>\n\t\t<\/div>\n\t\t\t\t\t<\/div>\n\t\t<\/section>\n\t\t\t\t<section class=\"elementor-section elementor-top-section elementor-element elementor-element-3de32d8 elementor-section-boxed elementor-section-height-default elementor-section-height-default\" data-id=\"3de32d8\" data-element_type=\"section\">\n\t\t\t\t\t\t<div class=\"elementor-container elementor-column-gap-default\">\n\t\t\t\t\t<div class=\"elementor-column elementor-col-100 elementor-top-column elementor-element elementor-element-4f14183\" data-id=\"4f14183\" data-element_type=\"column\">\n\t\t\t<div class=\"elementor-widget-wrap elementor-element-populated\">\n\t\t\t\t\t\t<div class=\"elementor-element elementor-element-efae471 elementor-widget elementor-widget-heading\" data-id=\"efae471\" data-element_type=\"widget\" data-widget_type=\"heading.default\">\n\t\t\t\t<div class=\"elementor-widget-container\">\n\t\t\t<h2 class=\"elementor-heading-title elementor-size-default\">Spanje<\/h2>\t\t<\/div>\n\t\t\t\t<\/div>\n\t\t\t\t<div class=\"elementor-element elementor-element-c6d2002 elementor-widget-divider--view-line elementor-widget elementor-widget-divider\" data-id=\"c6d2002\" data-element_type=\"widget\" data-widget_type=\"divider.default\">\n\t\t\t\t<div class=\"elementor-widget-container\">\n\t\t\t\t\t<div class=\"elementor-divider\">\n\t\t\t<span class=\"elementor-divider-separator\">\n\t\t\t\t\t\t<\/span>\n\t\t<\/div>\n\t\t\t\t<\/div>\n\t\t\t\t<\/div>\n\t\t\t\t<div class=\"elementor-element elementor-element-0c5faa0 elementor-widget elementor-widget-text-editor\" data-id=\"0c5faa0\" data-element_type=\"widget\" data-settings=\"{&quot;_animation&quot;:&quot;none&quot;}\" data-widget_type=\"text-editor.default\">\n\t\t\t\t<div class=\"elementor-widget-container\">\n\t\t\t\t\t\t\t<p class=\"x_MsoNormal\"><b><span lang=\"NL\">Speedlink is gespecialiseerd in de distributie van pakketten en pallets op Spanje en biedt een breed pakket aan mogelijkheden:<\/span><\/b><\/p>\n<ul type=\"disc\">\n<li class=\"x_MsoNormal\"><span lang=\"NL\">Express Plus Service. Speedlink is de enige partij die heel Spanje de volgende werkdag kan leveren (dus niet alleen de grote steden, maar ook de buitengebieden). Tevens is het mogelijk deze dienst te combineren met tijdgaranties:<\/span>\n<ul type=\"disc\">\n<li class=\"x_MsoNormal\"><span lang=\"NL\">Voor 19:00u<\/span><\/li>\n<li class=\"x_MsoNormal\"><span lang=\"NL\">Voor 12:00u<\/span><\/li>\n<li class=\"x_MsoNormal\"><span lang=\"NL\">Voor 10:00u<\/span><\/li>\n<li class=\"x_MsoNormal\"><span lang=\"NL\">Voor 08:30u<\/span><\/li>\n<\/ul>\n<\/li>\n<li class=\"x_MsoNormal\"><span lang=\"NL\">Express Service: Speedlink biedt binnen dit servicekader een D2 service (binnen 48u). Tevens is het mogelijk deze dienst te combineren met tijdgaranties:<\/span>\n<ul type=\"disc\">\n<li class=\"x_MsoNormal\"><span lang=\"NL\">Voor 19:00u<\/span><\/li>\n<li class=\"x_MsoNormal\"><span lang=\"NL\">Voor 12:00u<\/span><\/li>\n<li class=\"x_MsoNormal\"><span lang=\"NL\">Voor 10:00u<\/span><\/li>\n<li class=\"x_MsoNormal\"><span lang=\"NL\">Voor 08:30u<\/span><\/li>\n<\/ul>\n<\/li>\n<li class=\"x_MsoNormal\"><span lang=\"EN-GB\">Signed packinglist return <\/span><\/li>\n<li class=\"x_MsoNormal\"><span lang=\"EN-GB\">Retouren <\/span>Logistiek <span lang=\"EN-GB\">(recall, swaps, retouren management)<\/span><\/li>\n<li class=\"x_MsoNormal\"><span lang=\"EN-GB\">Same day leveringen (direct drives)<\/span><\/li>\n<li class=\"x_MsoNormal\"><span lang=\"EN-GB\">Gegarandeerde zaterdagdistributie<\/span><\/li>\n<li class=\"x_MsoNormal\">PuDo<span lang=\"EN-GB\"> beleveringen<\/span><\/li>\n<li class=\"x_MsoNormal\"><span lang=\"EN-GB\">Forward stocking locations<\/span><\/li>\n<li class=\"x_MsoNormal\">E-commerce:\n<ul type=\"disc\">\n<li>D1\/24 uur service<\/li>\n<li>D2\/48 uur service<\/li>\n<li>D4\/96 uur service<\/li>\n<li>D6\/144 uur service<\/li>\n<\/ul>\n<\/li>\n<li class=\"x_MsoNormal\"><span lang=\"NL\">Last mile medicijnen distributie conform de GDP (Goede distributie praktijken) met actieve temperatuur conditionering in de temperatuur ranges 2-8 en 15-25. Middels dit servicekader biedt Speedlink de mogelijkheid om af uw Warehouse in de Benelux uw medicijnen actief gecontroleerd af te leveren bij uw klanten in Portugal. \u00a0<\/span><\/li>\n<\/ul>\n<p class=\"x_MsoNormal\"><b><span lang=\"NL\">Klik <a href=\"https:\/\/www.speedlink.aero\/nl\/serviceniveaus\/\" target=\"_blank\" rel=\"noopener noreferrer\" data-auth=\"NotApplicable\" data-linkindex=\"0\">hier<\/a> voor de capability checker voor Spanje om te zien welke mogelijkheden er per postcode gebied zijn: <\/span><\/b><\/p>\n<p class=\"x_MsoNormal\"><b>Diensten met toegevoegde waarde<\/b><\/p>\n<ul type=\"disc\">\n<li class=\"x_MsoNormal\">Kennisgeving van de dienst per SMS en e-mail (Spanje en Portugal)<\/li>\n<li class=\"x_MsoNormal\">Verzameling (pre-alert \/ e-alert)<\/li>\n<li class=\"x_MsoNormal\">Levering (pre-alert \/ e-alert)<\/li>\n<li class=\"x_MsoNormal\">Leveringsnota\u2019s van klanten<\/li>\n<li class=\"x_MsoNormal\">POD-vertering en archivering<\/li>\n<\/ul>\n<p class=\"x_MsoNormal\"><b><span lang=\"NL\">Use Cases: <\/span><\/b><\/p>\n<p class=\"x_MsoNormal\"><b><span lang=\"EN-GB\">Healthcare: time critical<\/span><\/b><\/p>\n<p class=\"x_MsoNormal\"><span lang=\"NL\">Speedlink heeft een grote positie in de distributie van Medical Devices naar de ziekenhuizen en klinieken in Spanje. De aanleiding hiervoor is dat Speedlink alle adressen in Portugal voor 12:00u u kan leveren. De Integrators kunnen enkel de economische centra (Barcelona, Madrid, Sevilla, Valencia, etc) voor 1200u leveren en gebruiken als het echt tijdkritisch wordt ook de services van Speedlink. U kunt dus beter direct zaken doen met Speedlink voor deze bestemming. Immers Klinieken en ziekenhuizen liggen niet enkel in de economische centra, maar hebben een landelijke spreiding.Bovendien biedt Speedlink een signed packing list return aan, waarbij u via Speedlink digitaal uw getekende paklijst retour ontvangt. Een getekende paklijst zorgt voor snelle betaling door de zorginstantie in Spanje (en dus een verbeterde cash flow).\u00a0 <\/span><\/p>\n<p class=\"x_MsoNormal\"><span lang=\"NL\">Klik <a href=\"https:\/\/www.speedlink.aero\/nl\/healthcare-transport\/\" target=\"_blank\" rel=\"noopener noreferrer\" data-auth=\"NotApplicable\" data-linkindex=\"0\">hier<\/a> voor meer info<\/span><\/p>\n<p class=\"x_MsoNormal\"><b><span lang=\"NL\">\u00a0<\/span><\/b><\/p>\n<p class=\"x_MsoNormal\"><b><span lang=\"NL\">Spare parts: reserve onderdelen voor servicemonteurs:<\/span><\/b><\/p>\n<p class=\"x_MsoNormal\"><span lang=\"NL\">Wilt u uw servicemonteurs dagelijks voorzien van nieuwe spare parts, dan kunt u gebruik maken van de Pudo (pick up drop off) service van Speedlink. Wij zorgen ervoor dat uw Spare parts reeds smorgens bij meer dan 1000 pudo punten beschikbaar zijn, waardoor uw servicemonteur \u2018s-morgens zijn\/haar spares kan afhalen en direct eventuele retouren kan terugsturen. Het enige wat de servicemonteur moet doen is zijn pas laten scannen, waarmee de zendingen vrijgegeven worden. Daarnaast kan de servicemonteur de retouren op rekening verzenden middels deze pas. <\/span><\/p>\n<p class=\"x_MsoNormal\"><span lang=\"NL\">Heeft u Forward Stocking Locations(FSL) nodig voor zeer tijdkritische zendingen, die same day ter plaatse moeten zijn, dan biedt Speedlink u deze mogelijkheid.<\/span><\/p>\n<p class=\"x_MsoNormal\"><span lang=\"NL\">Klik <a href=\"https:\/\/www.speedlink.aero\/nl\/spare-parts\/\" target=\"_blank\" rel=\"noopener noreferrer\" data-auth=\"NotApplicable\" data-linkindex=\"1\">hier<\/a> voor meer info<\/span><\/p>\n<p class=\"x_MsoNormal\"><b><span lang=\"NL\">\u00a0<\/span><\/b><\/p>\n<p class=\"x_MsoNormal\"><b><span lang=\"NL\">Pharma: <\/span><\/b><\/p>\n<p class=\"x_MsoNormal\"><span lang=\"NL\">Wilt u uw medicijnen vanaf uw centrale warehouse binnen 48 geleverd actief geconditioneerd geleverd hebben in Spanje, dan maakt Speedlink dit mogelijk. Hierdoor kunt u:<\/span><\/p>\n<ol start=\"1\" type=\"1\">\n<li class=\"x_MsoListParagraph\"><span lang=\"NL\">Kosten besparen aangezien u geen dure\/gevalideerde verpakkingen meer nodig heeft deze stroom op Spanje is immers actief geconditioneerd vanaf uw Benelux Warehouse t\/m uw geadresseerde <\/span><\/li>\n<li class=\"x_MsoListParagraph\"><span lang=\"NL\">Cash flow optimaliseren aangezien u kunt orderpicken vanuit uw centrale warehouse<\/span><\/li>\n<li class=\"x_MsoListParagraph\"><span lang=\"NL\">Supply chain vereenvoudigen, aangezien u geen lokaal sattelite warehouse meer nodig heeft<\/span><\/li>\n<\/ol>\n<p class=\"x_MsoNormal\"><span lang=\"NL\">Klik <a href=\"https:\/\/www.speedlink.aero\/nl\/pharma-transport\/\" target=\"_blank\" rel=\"noopener noreferrer\" data-auth=\"NotApplicable\" data-linkindex=\"2\">hier<\/a> voor meer info<\/span><\/p>\n\t\t\t\t\t\t<\/div>\n\t\t\t\t<\/div>\n\t\t\t\t\t<\/div>\n\t\t<\/div>\n\t\t\t\t\t<\/div>\n\t\t<\/section>\n\t\t\t\t<\/div>\n\t\t","protected":false},"excerpt":{"rendered":"<p>Spanje Meer dan 25 jaar ervaring in het afhandelen van internationale zendingen Spanje Speedlink is gespecialiseerd in de distributie van pakketten en pallets op Spanje en biedt een breed pakket aan mogelijkheden: Express Plus Service. Speedlink is de enige partij die heel Spanje de volgende werkdag kan leveren (dus niet alleen de grote steden, maar [&hellip;]<\/p>\n","protected":false},"author":1,"featured_media":0,"parent":0,"menu_order":0,"comment_status":"closed","ping_status":"closed","template":"","meta":{"site-sidebar-layout":"no-sidebar","site-content-layout":"page-builder","ast-site-content-layout":"default","site-content-style":"default","site-sidebar-style":"default","ast-global-header-display":"","ast-banner-title-visibility":"","ast-main-header-display":"","ast-hfb-above-header-display":"","ast-hfb-below-header-display":"","ast-hfb-mobile-header-display":"","site-post-title":"disabled","ast-breadcrumbs-content":"","ast-featured-img":"disabled","footer-sml-layout":"","ast-disable-related-posts":"","theme-transparent-header-meta":"default","adv-header-id-meta":"","stick-header-meta":"","header-above-stick-meta":"","header-main-stick-meta":"","header-below-stick-meta":"","astra-migrate-meta-layouts":"default","ast-page-background-enabled":"default","ast-page-background-meta":{"desktop":{"background-color":"","background-image":"","background-repeat":"repeat","background-position":"center center","background-size":"auto","background-attachment":"scroll","background-type":"","background-media":"","overlay-type":"","overlay-color":"","overlay-opacity":"","overlay-gradient":""},"tablet":{"background-color":"","background-image":"","background-repeat":"repeat","background-position":"center center","background-size":"auto","background-attachment":"scroll","background-type":"","background-media":"","overlay-type":"","overlay-color":"","overlay-opacity":"","overlay-gradient":""},"mobile":{"background-color":"","background-image":"","background-repeat":"repeat","background-position":"center center","background-size":"auto","background-attachment":"scroll","background-type":"","background-media":"","overlay-type":"","overlay-color":"","overlay-opacity":"","overlay-gradient":""}},"ast-content-background-meta":{"desktop":{"background-color":"var(--ast-global-color-5)","background-image":"","background-repeat":"repeat","background-position":"center center","background-size":"auto","background-attachment":"scroll","background-type":"","background-media":"","overlay-type":"","overlay-color":"","overlay-opacity":"","overlay-gradient":""},"tablet":{"background-color":"var(--ast-global-color-5)","background-image":"","background-repeat":"repeat","background-position":"center center","background-size":"auto","background-attachment":"scroll","background-type":"","background-media":"","overlay-type":"","overlay-color":"","overlay-opacity":"","overlay-gradient":""},"mobile":{"background-color":"var(--ast-global-color-5)","background-image":"","background-repeat":"repeat","background-position":"center center","background-size":"auto","background-attachment":"scroll","background-type":"","background-media":"","overlay-type":"","overlay-color":"","overlay-opacity":"","overlay-gradient":""}}},"yoast_head":"<!-- This site is optimized with the Yoast SEO Premium plugin v18.1 (Yoast SEO v19.7.1) - https:\/\/yoast.com\/wordpress\/plugins\/seo\/ -->\n<title>Spanje Verzenddiensten | Speedlink Worldwide Express BV<\/title>\n<meta name=\"description\" content=\"Levering de volgende dag in Spanje v\u00f3\u00f3r 12.00 uur | V\u00f3\u00f3r 12.00 uur levering Ziekenhuis | Express pakket bezorgdiensten Spanje | PuDo-distributie\" \/>\n<meta name=\"robots\" content=\"index, follow, max-snippet:-1, max-image-preview:large, max-video-preview:-1\" \/>\n<link rel=\"canonical\" href=\"https:\/\/speedlink.aero\/nl\/spanje\/\" \/>\n<meta property=\"og:locale\" content=\"nl_NL\" \/>\n<meta property=\"og:type\" content=\"article\" \/>\n<meta property=\"og:title\" content=\"Spanje\" \/>\n<meta property=\"og:description\" content=\"Levering de volgende dag in Spanje v\u00f3\u00f3r 12.00 uur | V\u00f3\u00f3r 12.00 uur levering Ziekenhuis | Express pakket bezorgdiensten Spanje | PuDo-distributie\" \/>\n<meta property=\"og:url\" content=\"https:\/\/speedlink.aero\/nl\/spanje\/\" \/>\n<meta property=\"og:site_name\" content=\"Speedlink Worldwide Express BV\" \/>\n<meta property=\"article:publisher\" content=\"https:\/\/nl-nl.facebook.com\/SpeedlinkExpress\/\" \/>\n<meta property=\"article:modified_time\" content=\"2021-12-16T09:51:56+00:00\" \/>\n<meta property=\"og:image\" content=\"https:\/\/speedlink.aero\/wp-content\/uploads\/2021\/07\/SpeedlinkLogo2.png\" \/>\n\t<meta property=\"og:image:width\" content=\"1000\" \/>\n\t<meta property=\"og:image:height\" content=\"1000\" \/>\n\t<meta property=\"og:image:type\" content=\"image\/png\" \/>\n<meta name=\"twitter:card\" content=\"summary_large_image\" \/>\n<meta name=\"twitter:site\" content=\"@speedlinknl\" \/>\n<meta name=\"twitter:label1\" content=\"Geschatte leestijd\" \/>\n\t<meta name=\"twitter:data1\" content=\"3 minuten\" \/>\n<script type=\"application\/ld+json\" class=\"yoast-schema-graph\">{\"@context\":\"https:\/\/schema.org\",\"@graph\":[{\"@type\":\"WebPage\",\"@id\":\"https:\/\/speedlink.aero\/nl\/spanje\/\",\"url\":\"https:\/\/speedlink.aero\/nl\/spanje\/\",\"name\":\"Spanje Verzenddiensten | Speedlink Worldwide Express BV\",\"isPartOf\":{\"@id\":\"https:\/\/speedlink.aero\/#website\"},\"datePublished\":\"2021-07-29T11:18:07+00:00\",\"dateModified\":\"2021-12-16T09:51:56+00:00\",\"description\":\"Levering de volgende dag in Spanje v\u00f3\u00f3r 12.00 uur | V\u00f3\u00f3r 12.00 uur levering Ziekenhuis | Express pakket bezorgdiensten Spanje | PuDo-distributie\",\"breadcrumb\":{\"@id\":\"https:\/\/speedlink.aero\/nl\/spanje\/#breadcrumb\"},\"inLanguage\":\"nl\",\"potentialAction\":[{\"@type\":\"ReadAction\",\"target\":[\"https:\/\/speedlink.aero\/nl\/spanje\/\"]}]},{\"@type\":\"BreadcrumbList\",\"@id\":\"https:\/\/speedlink.aero\/nl\/spanje\/#breadcrumb\",\"itemListElement\":[{\"@type\":\"ListItem\",\"position\":1,\"name\":\"Home\",\"item\":\"https:\/\/speedlink.aero\/\"},{\"@type\":\"ListItem\",\"position\":2,\"name\":\"Spanje\"}]},{\"@type\":\"WebSite\",\"@id\":\"https:\/\/speedlink.aero\/#website\",\"url\":\"https:\/\/speedlink.aero\/\",\"name\":\"Speedlink Worldwide Express BV\",\"description\":\"International parcels &amp; Express courier\",\"publisher\":{\"@id\":\"https:\/\/speedlink.aero\/#organization\"},\"inLanguage\":\"nl\"},{\"@type\":\"Organization\",\"@id\":\"https:\/\/speedlink.aero\/#organization\",\"name\":\"Speedlink Worldwide Express BV\",\"url\":\"https:\/\/speedlink.aero\/\",\"sameAs\":[\"https:\/\/www.linkedin.com\/company\/speedlink-worldwide-express-b.v.\/?originalSubdomain=nl\",\"https:\/\/nl-nl.facebook.com\/SpeedlinkExpress\/\",\"https:\/\/twitter.com\/speedlinknl\"],\"logo\":{\"@type\":\"ImageObject\",\"inLanguage\":\"nl\",\"@id\":\"https:\/\/speedlink.aero\/#\/schema\/logo\/image\/\",\"url\":\"https:\/\/speedlink.aero\/wp-content\/uploads\/2021\/07\/SpeedlinkLogo2.png\",\"contentUrl\":\"https:\/\/speedlink.aero\/wp-content\/uploads\/2021\/07\/SpeedlinkLogo2.png\",\"width\":1000,\"height\":1000,\"caption\":\"Speedlink Worldwide Express BV\"},\"image\":{\"@id\":\"https:\/\/speedlink.aero\/#\/schema\/logo\/image\/\"}}]}<\/script>\n<!-- \/ Yoast SEO Premium plugin. -->","yoast_head_json":{"title":"Spanje Verzenddiensten | Speedlink Worldwide Express BV","description":"Levering de volgende dag in Spanje v\u00f3\u00f3r 12.00 uur | V\u00f3\u00f3r 12.00 uur levering Ziekenhuis | Express pakket bezorgdiensten Spanje | PuDo-distributie","robots":{"index":"index","follow":"follow","max-snippet":"max-snippet:-1","max-image-preview":"max-image-preview:large","max-video-preview":"max-video-preview:-1"},"canonical":"https:\/\/speedlink.aero\/nl\/spanje\/","og_locale":"nl_NL","og_type":"article","og_title":"Spanje","og_description":"Levering de volgende dag in Spanje v\u00f3\u00f3r 12.00 uur | V\u00f3\u00f3r 12.00 uur levering Ziekenhuis | Express pakket bezorgdiensten Spanje | PuDo-distributie","og_url":"https:\/\/speedlink.aero\/nl\/spanje\/","og_site_name":"Speedlink Worldwide Express BV","article_publisher":"https:\/\/nl-nl.facebook.com\/SpeedlinkExpress\/","article_modified_time":"2021-12-16T09:51:56+00:00","og_image":[{"width":1000,"height":1000,"url":"https:\/\/speedlink.aero\/wp-content\/uploads\/2021\/07\/SpeedlinkLogo2.png","type":"image\/png"}],"twitter_card":"summary_large_image","twitter_site":"@speedlinknl","twitter_misc":{"Geschatte leestijd":"3 minuten"},"schema":{"@context":"https:\/\/schema.org","@graph":[{"@type":"WebPage","@id":"https:\/\/speedlink.aero\/nl\/spanje\/","url":"https:\/\/speedlink.aero\/nl\/spanje\/","name":"Spanje Verzenddiensten | Speedlink Worldwide Express BV","isPartOf":{"@id":"https:\/\/speedlink.aero\/#website"},"datePublished":"2021-07-29T11:18:07+00:00","dateModified":"2021-12-16T09:51:56+00:00","description":"Levering de volgende dag in Spanje v\u00f3\u00f3r 12.00 uur | V\u00f3\u00f3r 12.00 uur levering Ziekenhuis | Express pakket bezorgdiensten Spanje | PuDo-distributie","breadcrumb":{"@id":"https:\/\/speedlink.aero\/nl\/spanje\/#breadcrumb"},"inLanguage":"nl","potentialAction":[{"@type":"ReadAction","target":["https:\/\/speedlink.aero\/nl\/spanje\/"]}]},{"@type":"BreadcrumbList","@id":"https:\/\/speedlink.aero\/nl\/spanje\/#breadcrumb","itemListElement":[{"@type":"ListItem","position":1,"name":"Home","item":"https:\/\/speedlink.aero\/"},{"@type":"ListItem","position":2,"name":"Spanje"}]},{"@type":"WebSite","@id":"https:\/\/speedlink.aero\/#website","url":"https:\/\/speedlink.aero\/","name":"Speedlink Worldwide Express BV","description":"International parcels &amp; Express courier","publisher":{"@id":"https:\/\/speedlink.aero\/#organization"},"inLanguage":"nl"},{"@type":"Organization","@id":"https:\/\/speedlink.aero\/#organization","name":"Speedlink Worldwide Express BV","url":"https:\/\/speedlink.aero\/","sameAs":["https:\/\/www.linkedin.com\/company\/speedlink-worldwide-express-b.v.\/?originalSubdomain=nl","https:\/\/nl-nl.facebook.com\/SpeedlinkExpress\/","https:\/\/twitter.com\/speedlinknl"],"logo":{"@type":"ImageObject","inLanguage":"nl","@id":"https:\/\/speedlink.aero\/#\/schema\/logo\/image\/","url":"https:\/\/speedlink.aero\/wp-content\/uploads\/2021\/07\/SpeedlinkLogo2.png","contentUrl":"https:\/\/speedlink.aero\/wp-content\/uploads\/2021\/07\/SpeedlinkLogo2.png","width":1000,"height":1000,"caption":"Speedlink Worldwide Express BV"},"image":{"@id":"https:\/\/speedlink.aero\/#\/schema\/logo\/image\/"}}]}},"_links":{"self":[{"href":"https:\/\/speedlink.aero\/nl\/wp-json\/wp\/v2\/pages\/3929"}],"collection":[{"href":"https:\/\/speedlink.aero\/nl\/wp-json\/wp\/v2\/pages"}],"about":[{"href":"https:\/\/speedlink.aero\/nl\/wp-json\/wp\/v2\/types\/page"}],"author":[{"embeddable":true,"href":"https:\/\/speedlink.aero\/nl\/wp-json\/wp\/v2\/users\/1"}],"replies":[{"embeddable":true,"href":"https:\/\/speedlink.aero\/nl\/wp-json\/wp\/v2\/comments?post=3929"}],"version-history":[{"count":2,"href":"https:\/\/speedlink.aero\/nl\/wp-json\/wp\/v2\/pages\/3929\/revisions"}],"predecessor-version":[{"id":5011,"href":"https:\/\/speedlink.aero\/nl\/wp-json\/wp\/v2\/pages\/3929\/revisions\/5011"}],"wp:attachment":[{"href":"https:\/\/speedlink.aero\/nl\/wp-json\/wp\/v2\/media?parent=3929"}],"curies":[{"name":"wp","href":"https:\/\/api.w.org\/{rel}","templated":true}]}}