{"id":3937,"date":"2021-07-29T11:18:52","date_gmt":"2021-07-29T11:18:52","guid":{"rendered":"https:\/\/tc2e.speedlink.aero\/scaninavie\/"},"modified":"2021-12-17T09:30:54","modified_gmt":"2021-12-17T09:30:54","slug":"scaninavie","status":"publish","type":"page","link":"https:\/\/speedlink.aero\/nl\/scaninavie\/","title":{"rendered":"Scandinavi\u00eb"},"content":{"rendered":"\t\t<div data-elementor-type=\"wp-page\" data-elementor-id=\"3937\" class=\"elementor elementor-3937 elementor-3353\">\n\t\t\t\t\t\t<section class=\"elementor-section elementor-top-section elementor-element elementor-element-776ff085 elementor-section-boxed elementor-section-height-default elementor-section-height-default\" data-id=\"776ff085\" data-element_type=\"section\" data-settings=\"{&quot;background_background&quot;:&quot;classic&quot;}\">\n\t\t\t\t\t\t\t<div class=\"elementor-background-overlay\"><\/div>\n\t\t\t\t\t\t\t<div class=\"elementor-container elementor-column-gap-default\">\n\t\t\t\t\t<div class=\"elementor-column elementor-col-100 elementor-top-column elementor-element elementor-element-6a6e4aee\" data-id=\"6a6e4aee\" data-element_type=\"column\">\n\t\t\t<div class=\"elementor-widget-wrap elementor-element-populated\">\n\t\t\t\t\t\t<div class=\"elementor-element elementor-element-670d2086 elementor-widget elementor-widget-heading\" data-id=\"670d2086\" data-element_type=\"widget\" data-widget_type=\"heading.default\">\n\t\t\t\t<div class=\"elementor-widget-container\">\n\t\t\t<h1 class=\"elementor-heading-title elementor-size-xl\">scaninavi\u00eb<\/h1>\t\t<\/div>\n\t\t\t\t<\/div>\n\t\t\t\t<div class=\"elementor-element elementor-element-12644246 elementor-widget-divider--view-line elementor-widget elementor-widget-divider\" data-id=\"12644246\" data-element_type=\"widget\" data-widget_type=\"divider.default\">\n\t\t\t\t<div class=\"elementor-widget-container\">\n\t\t\t\t\t<div class=\"elementor-divider\">\n\t\t\t<span class=\"elementor-divider-separator\">\n\t\t\t\t\t\t<\/span>\n\t\t<\/div>\n\t\t\t\t<\/div>\n\t\t\t\t<\/div>\n\t\t\t\t<div class=\"elementor-element elementor-element-5ae0fde5 elementor-widget elementor-widget-heading\" data-id=\"5ae0fde5\" data-element_type=\"widget\" data-widget_type=\"heading.default\">\n\t\t\t\t<div class=\"elementor-widget-container\">\n\t\t\t<h1 class=\"elementor-heading-title elementor-size-xl\">Meer dan 25 jaar ervaring in het afhandelen van internationale zendingen<\/h1>\t\t<\/div>\n\t\t\t\t<\/div>\n\t\t\t\t\t<\/div>\n\t\t<\/div>\n\t\t\t\t\t<\/div>\n\t\t<\/section>\n\t\t\t\t<section class=\"elementor-section elementor-top-section elementor-element elementor-element-3de32d8 elementor-section-boxed elementor-section-height-default elementor-section-height-default\" data-id=\"3de32d8\" data-element_type=\"section\">\n\t\t\t\t\t\t<div class=\"elementor-container elementor-column-gap-default\">\n\t\t\t\t\t<div class=\"elementor-column elementor-col-100 elementor-top-column elementor-element elementor-element-4f14183\" data-id=\"4f14183\" data-element_type=\"column\">\n\t\t\t<div class=\"elementor-widget-wrap elementor-element-populated\">\n\t\t\t\t\t\t<div class=\"elementor-element elementor-element-efae471 elementor-widget elementor-widget-heading\" data-id=\"efae471\" data-element_type=\"widget\" data-widget_type=\"heading.default\">\n\t\t\t\t<div class=\"elementor-widget-container\">\n\t\t\t<h2 class=\"elementor-heading-title elementor-size-default\">scaninavi\u00eb<\/h2>\t\t<\/div>\n\t\t\t\t<\/div>\n\t\t\t\t<div class=\"elementor-element elementor-element-c6d2002 elementor-widget-divider--view-line elementor-widget elementor-widget-divider\" data-id=\"c6d2002\" data-element_type=\"widget\" data-widget_type=\"divider.default\">\n\t\t\t\t<div class=\"elementor-widget-container\">\n\t\t\t\t\t<div class=\"elementor-divider\">\n\t\t\t<span class=\"elementor-divider-separator\">\n\t\t\t\t\t\t<\/span>\n\t\t<\/div>\n\t\t\t\t<\/div>\n\t\t\t\t<\/div>\n\t\t\t\t<div class=\"elementor-element elementor-element-0c5faa0 elementor-widget elementor-widget-text-editor\" data-id=\"0c5faa0\" data-element_type=\"widget\" data-settings=\"{&quot;_animation&quot;:&quot;none&quot;}\" data-widget_type=\"text-editor.default\">\n\t\t\t\t<div class=\"elementor-widget-container\">\n\t\t\t\t\t\t\t<div class=\"block-group content\"><div class=\"block text\"><p class=\"x_MsoNormal\"><b>Spoedservice naar de Scandinavische landen<\/b><\/p><p class=\"x_MsoNormal\"><span lang=\"NL\">Heeft u spoedzendingen naar de<\/span> Scandinavi<span lang=\"NL\">sche<\/span> <span lang=\"NL\">landen (<\/span>Zweden, Denemarken, Noorwegen en Finland<span lang=\"NL\">) dan biedt Speedlink u verschillende servicekaders om aan uw klantvraag te voldoen. Ook voor reguliere e-commerce biedt Speedlink u mogelijkheden, waarbij u direct zaken doet met het lokale e-commerce netwerk, wat de zending ook daadwerkelijk uitrijdt.<\/span><\/p><p class=\"x_MsoNormal\"><b>Diensten<\/b><b><span lang=\"EN-GB\"> portfolio Scandinavi\u00eb<\/span><\/b><\/p><ul type=\"disc\"><li class=\"x_MsoNormal\"><span lang=\"EN-GB\">Spoed (On Board Courier, Next Flight Out) voor als uw zending de hoogste prioriteit heeft<\/span><\/li><li class=\"x_MsoNormal\"><span lang=\"NL\">Express Plus service (geleverd binnen 24u, voor 12u smorgens)<\/span><\/li><li class=\"x_MsoNormal\"><span lang=\"EN-GB\">Business to Business pallet en pakketzendingen (48-96u service)<\/span><\/li><li class=\"x_MsoNormal\"><span lang=\"EN-GB\">E-commerce leveringen (72-96u service)<\/span><\/li><li class=\"x_MsoNormal\"><span lang=\"NL\">Innight leveringen (in de carboot van de geadresseerde)<\/span><\/li><\/ul><p class=\"x_MsoNormal\"><b>Express- en Tijdkritische zendingen<\/b><\/p><p class=\"x_MsoNormal\">Via <span lang=\"NL\">Schiphol<\/span> <span lang=\"NL\">vliegt Speedlink dagelijks volumes in op <\/span>de lokale hubs in Zweden, Noorwegen, Denemarken en Finland om een tijdige verbinding met <span lang=\"NL\">de<\/span> netwerken in Scandinavi\u00eb te garanderen. <span lang=\"NL\">Parrallel hieraan heeft Speedlink toegang tot <\/span>een<span lang=\"NL\">uitgebreid luchtnetwerk, waarbij alle uithoeken van Scandinavi\u00eb worden bereikt. Dit is met name relevant voor de oil &amp; gas industrie, aangezien uw spare parts op die manier op tijd arriveren bij de offshore industrie<\/span>.<\/p><p class=\"x_MsoNormal\"><span lang=\"NL\">Meer informatie over de <a href=\"https:\/\/speedlink.aero\/nl\/oil-gas\/\" target=\"_blank\" rel=\"noopener noreferrer\" data-auth=\"NotApplicable\" data-linkindex=\"0\">Oil &amp; Gas<\/a>? <\/span><\/p><p class=\"x_MsoNormal\"><b>E-commerce<\/b><\/p><p class=\"x_MsoNormal\"><span lang=\"NL\">Heeft u veel zendingen voor de Scandinavische landen, dan is het interessant om deze volumes direct in te feeden in lokale E-commerce netwerken in plaats van gebruik te maken van de standaard carrriers (die op hun beurt ook weer gebruik maken van de lokale specialistische netwerken. Op deze manier haalt u \u201cde middleman\u201d er tussen uit en verkrijgt u:<\/span><\/p><ol start=\"1\" type=\"1\"><li class=\"x_MsoListParagraph\"><span lang=\"NL\">Een snellere overkomst<\/span><\/li><li class=\"x_MsoListParagraph\"><span lang=\"NL\">Lagere kosten<\/span><\/li><\/ol><p class=\"x_MsoNormal\"><span lang=\"NL\">Meer weten over E-commerce op Scandinavi\u00eb? Klik dan <a href=\"https:\/\/speedlink.aero\/nl\/european-e-commerce-distribution\/\" target=\"_blank\" rel=\"noopener noreferrer\" data-auth=\"NotApplicable\" data-linkindex=\"1\">hier<\/a><\/span><\/p><p class=\"x_MsoNormal\"><span lang=\"NL\">Direct een offerte? Klik dan <a href=\"https:\/\/speedlink.aero\/get-a-quote\/\" target=\"_blank\" rel=\"noopener noreferrer\" data-auth=\"NotApplicable\" data-linkindex=\"2\">hier<\/a><\/span><\/p><\/div><\/div><div class=\"block-group image \">\u00a0<\/div>\t\t\t\t\t\t<\/div>\n\t\t\t\t<\/div>\n\t\t\t\t\t<\/div>\n\t\t<\/div>\n\t\t\t\t\t<\/div>\n\t\t<\/section>\n\t\t\t\t<\/div>\n\t\t","protected":false},"excerpt":{"rendered":"<p>scaninavi\u00eb Meer dan 25 jaar ervaring in het afhandelen van internationale zendingen scaninavi\u00eb Spoedservice naar de Scandinavische landen Heeft u spoedzendingen naar de Scandinavische landen (Zweden, Denemarken, Noorwegen en Finland) dan biedt Speedlink u verschillende servicekaders om aan uw klantvraag te voldoen. Ook voor reguliere e-commerce biedt Speedlink u mogelijkheden, waarbij u direct zaken doet [&hellip;]<\/p>\n","protected":false},"author":1,"featured_media":0,"parent":0,"menu_order":0,"comment_status":"closed","ping_status":"closed","template":"","meta":{"site-sidebar-layout":"no-sidebar","site-content-layout":"page-builder","ast-site-content-layout":"default","site-content-style":"default","site-sidebar-style":"default","ast-global-header-display":"","ast-banner-title-visibility":"","ast-main-header-display":"","ast-hfb-above-header-display":"","ast-hfb-below-header-display":"","ast-hfb-mobile-header-display":"","site-post-title":"disabled","ast-breadcrumbs-content":"","ast-featured-img":"disabled","footer-sml-layout":"","ast-disable-related-posts":"","theme-transparent-header-meta":"default","adv-header-id-meta":"","stick-header-meta":"","header-above-stick-meta":"","header-main-stick-meta":"","header-below-stick-meta":"","astra-migrate-meta-layouts":"default","ast-page-background-enabled":"default","ast-page-background-meta":{"desktop":{"background-color":"","background-image":"","background-repeat":"repeat","background-position":"center center","background-size":"auto","background-attachment":"scroll","background-type":"","background-media":"","overlay-type":"","overlay-color":"","overlay-opacity":"","overlay-gradient":""},"tablet":{"background-color":"","background-image":"","background-repeat":"repeat","background-position":"center center","background-size":"auto","background-attachment":"scroll","background-type":"","background-media":"","overlay-type":"","overlay-color":"","overlay-opacity":"","overlay-gradient":""},"mobile":{"background-color":"","background-image":"","background-repeat":"repeat","background-position":"center center","background-size":"auto","background-attachment":"scroll","background-type":"","background-media":"","overlay-type":"","overlay-color":"","overlay-opacity":"","overlay-gradient":""}},"ast-content-background-meta":{"desktop":{"background-color":"var(--ast-global-color-5)","background-image":"","background-repeat":"repeat","background-position":"center center","background-size":"auto","background-attachment":"scroll","background-type":"","background-media":"","overlay-type":"","overlay-color":"","overlay-opacity":"","overlay-gradient":""},"tablet":{"background-color":"var(--ast-global-color-5)","background-image":"","background-repeat":"repeat","background-position":"center center","background-size":"auto","background-attachment":"scroll","background-type":"","background-media":"","overlay-type":"","overlay-color":"","overlay-opacity":"","overlay-gradient":""},"mobile":{"background-color":"var(--ast-global-color-5)","background-image":"","background-repeat":"repeat","background-position":"center center","background-size":"auto","background-attachment":"scroll","background-type":"","background-media":"","overlay-type":"","overlay-color":"","overlay-opacity":"","overlay-gradient":""}}},"yoast_head":"<!-- This site is optimized with the Yoast SEO Premium plugin v18.1 (Yoast SEO v19.7.1) - https:\/\/yoast.com\/wordpress\/plugins\/seo\/ -->\n<title>Scandinavi\u00eb Verzenddiensten | Speedlink Worldwide Express BV<\/title>\n<meta name=\"description\" content=\"scaninavi\u00eb Meer dan 25 jaar ervaring in het afhandelen van internationale zendingen scaninavi\u00eb Spoedservice naar de Scandinavische landenHeeft u\" \/>\n<meta name=\"robots\" content=\"index, follow, max-snippet:-1, max-image-preview:large, max-video-preview:-1\" \/>\n<link rel=\"canonical\" href=\"https:\/\/speedlink.aero\/nl\/scaninavie\/\" \/>\n<meta property=\"og:locale\" content=\"nl_NL\" \/>\n<meta property=\"og:type\" content=\"article\" \/>\n<meta property=\"og:title\" content=\"Scandinavi\u00eb\" \/>\n<meta property=\"og:description\" content=\"scaninavi\u00eb Meer dan 25 jaar ervaring in het afhandelen van internationale zendingen scaninavi\u00eb Spoedservice naar de Scandinavische landenHeeft u\" \/>\n<meta property=\"og:url\" content=\"https:\/\/speedlink.aero\/nl\/scaninavie\/\" \/>\n<meta property=\"og:site_name\" content=\"Speedlink Worldwide Express BV\" \/>\n<meta property=\"article:publisher\" content=\"https:\/\/nl-nl.facebook.com\/SpeedlinkExpress\/\" \/>\n<meta property=\"article:modified_time\" content=\"2021-12-17T09:30:54+00:00\" \/>\n<meta property=\"og:image\" content=\"https:\/\/speedlink.aero\/wp-content\/uploads\/2021\/07\/SpeedlinkLogo2.png\" \/>\n\t<meta property=\"og:image:width\" content=\"1000\" \/>\n\t<meta property=\"og:image:height\" content=\"1000\" \/>\n\t<meta property=\"og:image:type\" content=\"image\/png\" \/>\n<meta name=\"twitter:card\" content=\"summary_large_image\" \/>\n<meta name=\"twitter:site\" content=\"@speedlinknl\" \/>\n<meta name=\"twitter:label1\" content=\"Est. reading time\" \/>\n\t<meta name=\"twitter:data1\" content=\"2 minuten\" \/>\n<script type=\"application\/ld+json\" class=\"yoast-schema-graph\">{\"@context\":\"https:\/\/schema.org\",\"@graph\":[{\"@type\":\"WebPage\",\"@id\":\"https:\/\/speedlink.aero\/nl\/scaninavie\/\",\"url\":\"https:\/\/speedlink.aero\/nl\/scaninavie\/\",\"name\":\"Scandinavi\u00eb Verzenddiensten | Speedlink Worldwide Express BV\",\"isPartOf\":{\"@id\":\"https:\/\/speedlink.aero\/#website\"},\"datePublished\":\"2021-07-29T11:18:52+00:00\",\"dateModified\":\"2021-12-17T09:30:54+00:00\",\"description\":\"scaninavi\u00eb Meer dan 25 jaar ervaring in het afhandelen van internationale zendingen scaninavi\u00eb Spoedservice naar de Scandinavische landenHeeft u\",\"breadcrumb\":{\"@id\":\"https:\/\/speedlink.aero\/nl\/scaninavie\/#breadcrumb\"},\"inLanguage\":\"nl\",\"potentialAction\":[{\"@type\":\"ReadAction\",\"target\":[\"https:\/\/speedlink.aero\/nl\/scaninavie\/\"]}]},{\"@type\":\"BreadcrumbList\",\"@id\":\"https:\/\/speedlink.aero\/nl\/scaninavie\/#breadcrumb\",\"itemListElement\":[{\"@type\":\"ListItem\",\"position\":1,\"name\":\"Home\",\"item\":\"https:\/\/speedlink.aero\/\"},{\"@type\":\"ListItem\",\"position\":2,\"name\":\"Scandinavi\u00eb\"}]},{\"@type\":\"WebSite\",\"@id\":\"https:\/\/speedlink.aero\/#website\",\"url\":\"https:\/\/speedlink.aero\/\",\"name\":\"Speedlink Worldwide Express BV\",\"description\":\"International parcels &amp; Express courier\",\"publisher\":{\"@id\":\"https:\/\/speedlink.aero\/#organization\"},\"inLanguage\":\"nl\"},{\"@type\":\"Organization\",\"@id\":\"https:\/\/speedlink.aero\/#organization\",\"name\":\"Speedlink Worldwide Express BV\",\"url\":\"https:\/\/speedlink.aero\/\",\"sameAs\":[\"https:\/\/www.linkedin.com\/company\/speedlink-worldwide-express-b.v.\/?originalSubdomain=nl\",\"https:\/\/nl-nl.facebook.com\/SpeedlinkExpress\/\",\"https:\/\/twitter.com\/speedlinknl\"],\"logo\":{\"@type\":\"ImageObject\",\"inLanguage\":\"nl\",\"@id\":\"https:\/\/speedlink.aero\/#\/schema\/logo\/image\/\",\"url\":\"https:\/\/speedlink.aero\/wp-content\/uploads\/2021\/07\/SpeedlinkLogo2.png\",\"contentUrl\":\"https:\/\/speedlink.aero\/wp-content\/uploads\/2021\/07\/SpeedlinkLogo2.png\",\"width\":1000,\"height\":1000,\"caption\":\"Speedlink Worldwide Express BV\"},\"image\":{\"@id\":\"https:\/\/speedlink.aero\/#\/schema\/logo\/image\/\"}}]}<\/script>\n<!-- \/ Yoast SEO Premium plugin. -->","yoast_head_json":{"title":"Scandinavi\u00eb Verzenddiensten | Speedlink Worldwide Express BV","description":"scaninavi\u00eb Meer dan 25 jaar ervaring in het afhandelen van internationale zendingen scaninavi\u00eb Spoedservice naar de Scandinavische landenHeeft u","robots":{"index":"index","follow":"follow","max-snippet":"max-snippet:-1","max-image-preview":"max-image-preview:large","max-video-preview":"max-video-preview:-1"},"canonical":"https:\/\/speedlink.aero\/nl\/scaninavie\/","og_locale":"nl_NL","og_type":"article","og_title":"Scandinavi\u00eb","og_description":"scaninavi\u00eb Meer dan 25 jaar ervaring in het afhandelen van internationale zendingen scaninavi\u00eb Spoedservice naar de Scandinavische landenHeeft u","og_url":"https:\/\/speedlink.aero\/nl\/scaninavie\/","og_site_name":"Speedlink Worldwide Express BV","article_publisher":"https:\/\/nl-nl.facebook.com\/SpeedlinkExpress\/","article_modified_time":"2021-12-17T09:30:54+00:00","og_image":[{"width":1000,"height":1000,"url":"https:\/\/speedlink.aero\/wp-content\/uploads\/2021\/07\/SpeedlinkLogo2.png","type":"image\/png"}],"twitter_card":"summary_large_image","twitter_site":"@speedlinknl","twitter_misc":{"Est. reading time":"2 minuten"},"schema":{"@context":"https:\/\/schema.org","@graph":[{"@type":"WebPage","@id":"https:\/\/speedlink.aero\/nl\/scaninavie\/","url":"https:\/\/speedlink.aero\/nl\/scaninavie\/","name":"Scandinavi\u00eb Verzenddiensten | Speedlink Worldwide Express BV","isPartOf":{"@id":"https:\/\/speedlink.aero\/#website"},"datePublished":"2021-07-29T11:18:52+00:00","dateModified":"2021-12-17T09:30:54+00:00","description":"scaninavi\u00eb Meer dan 25 jaar ervaring in het afhandelen van internationale zendingen scaninavi\u00eb Spoedservice naar de Scandinavische landenHeeft u","breadcrumb":{"@id":"https:\/\/speedlink.aero\/nl\/scaninavie\/#breadcrumb"},"inLanguage":"nl","potentialAction":[{"@type":"ReadAction","target":["https:\/\/speedlink.aero\/nl\/scaninavie\/"]}]},{"@type":"BreadcrumbList","@id":"https:\/\/speedlink.aero\/nl\/scaninavie\/#breadcrumb","itemListElement":[{"@type":"ListItem","position":1,"name":"Home","item":"https:\/\/speedlink.aero\/"},{"@type":"ListItem","position":2,"name":"Scandinavi\u00eb"}]},{"@type":"WebSite","@id":"https:\/\/speedlink.aero\/#website","url":"https:\/\/speedlink.aero\/","name":"Speedlink Worldwide Express BV","description":"International parcels &amp; Express courier","publisher":{"@id":"https:\/\/speedlink.aero\/#organization"},"inLanguage":"nl"},{"@type":"Organization","@id":"https:\/\/speedlink.aero\/#organization","name":"Speedlink Worldwide Express BV","url":"https:\/\/speedlink.aero\/","sameAs":["https:\/\/www.linkedin.com\/company\/speedlink-worldwide-express-b.v.\/?originalSubdomain=nl","https:\/\/nl-nl.facebook.com\/SpeedlinkExpress\/","https:\/\/twitter.com\/speedlinknl"],"logo":{"@type":"ImageObject","inLanguage":"nl","@id":"https:\/\/speedlink.aero\/#\/schema\/logo\/image\/","url":"https:\/\/speedlink.aero\/wp-content\/uploads\/2021\/07\/SpeedlinkLogo2.png","contentUrl":"https:\/\/speedlink.aero\/wp-content\/uploads\/2021\/07\/SpeedlinkLogo2.png","width":1000,"height":1000,"caption":"Speedlink Worldwide Express BV"},"image":{"@id":"https:\/\/speedlink.aero\/#\/schema\/logo\/image\/"}}]}},"_links":{"self":[{"href":"https:\/\/speedlink.aero\/nl\/wp-json\/wp\/v2\/pages\/3937"}],"collection":[{"href":"https:\/\/speedlink.aero\/nl\/wp-json\/wp\/v2\/pages"}],"about":[{"href":"https:\/\/speedlink.aero\/nl\/wp-json\/wp\/v2\/types\/page"}],"author":[{"embeddable":true,"href":"https:\/\/speedlink.aero\/nl\/wp-json\/wp\/v2\/users\/1"}],"replies":[{"embeddable":true,"href":"https:\/\/speedlink.aero\/nl\/wp-json\/wp\/v2\/comments?post=3937"}],"version-history":[{"count":14,"href":"https:\/\/speedlink.aero\/nl\/wp-json\/wp\/v2\/pages\/3937\/revisions"}],"predecessor-version":[{"id":5172,"href":"https:\/\/speedlink.aero\/nl\/wp-json\/wp\/v2\/pages\/3937\/revisions\/5172"}],"wp:attachment":[{"href":"https:\/\/speedlink.aero\/nl\/wp-json\/wp\/v2\/media?parent=3937"}],"curies":[{"name":"wp","href":"https:\/\/api.w.org\/{rel}","templated":true}]}}