{"id":3991,"date":"2021-07-29T11:22:19","date_gmt":"2021-07-29T11:22:19","guid":{"rendered":"https:\/\/tc2e.speedlink.aero\/italie\/"},"modified":"2021-12-16T08:58:39","modified_gmt":"2021-12-16T08:58:39","slug":"italie","status":"publish","type":"page","link":"https:\/\/speedlink.aero\/nl\/italie\/","title":{"rendered":"Itali\u00eb"},"content":{"rendered":"\t\t<div data-elementor-type=\"wp-page\" data-elementor-id=\"3991\" class=\"elementor elementor-3991 elementor-3344\">\n\t\t\t\t\t\t<section class=\"elementor-section elementor-top-section elementor-element elementor-element-53f32d8a elementor-section-boxed elementor-section-height-default elementor-section-height-default\" data-id=\"53f32d8a\" data-element_type=\"section\" data-settings=\"{&quot;background_background&quot;:&quot;classic&quot;}\">\n\t\t\t\t\t\t\t<div class=\"elementor-background-overlay\"><\/div>\n\t\t\t\t\t\t\t<div class=\"elementor-container elementor-column-gap-default\">\n\t\t\t\t\t<div class=\"elementor-column elementor-col-100 elementor-top-column elementor-element elementor-element-1e6928f9\" data-id=\"1e6928f9\" data-element_type=\"column\">\n\t\t\t<div class=\"elementor-widget-wrap elementor-element-populated\">\n\t\t\t\t\t\t<div class=\"elementor-element elementor-element-1c0bd60c elementor-widget elementor-widget-heading\" data-id=\"1c0bd60c\" data-element_type=\"widget\" data-widget_type=\"heading.default\">\n\t\t\t\t<div class=\"elementor-widget-container\">\n\t\t\t<h1 class=\"elementor-heading-title elementor-size-xl\">Itali\u00eb<\/h1>\t\t<\/div>\n\t\t\t\t<\/div>\n\t\t\t\t<div class=\"elementor-element elementor-element-5ffe3826 elementor-widget-divider--view-line elementor-widget elementor-widget-divider\" data-id=\"5ffe3826\" data-element_type=\"widget\" data-widget_type=\"divider.default\">\n\t\t\t\t<div class=\"elementor-widget-container\">\n\t\t\t\t\t<div class=\"elementor-divider\">\n\t\t\t<span class=\"elementor-divider-separator\">\n\t\t\t\t\t\t<\/span>\n\t\t<\/div>\n\t\t\t\t<\/div>\n\t\t\t\t<\/div>\n\t\t\t\t<div class=\"elementor-element elementor-element-5e62e1ce elementor-widget elementor-widget-heading\" data-id=\"5e62e1ce\" data-element_type=\"widget\" data-widget_type=\"heading.default\">\n\t\t\t\t<div class=\"elementor-widget-container\">\n\t\t\t<h1 class=\"elementor-heading-title elementor-size-xl\">Meer dan 25 jaar ervaring in het afhandelen van internationale zendingen<\/h1>\t\t<\/div>\n\t\t\t\t<\/div>\n\t\t\t\t\t<\/div>\n\t\t<\/div>\n\t\t\t\t\t<\/div>\n\t\t<\/section>\n\t\t\t\t<section class=\"elementor-section elementor-top-section elementor-element elementor-element-3de32d8 elementor-section-boxed elementor-section-height-default elementor-section-height-default\" data-id=\"3de32d8\" data-element_type=\"section\">\n\t\t\t\t\t\t<div class=\"elementor-container elementor-column-gap-default\">\n\t\t\t\t\t<div class=\"elementor-column elementor-col-100 elementor-top-column elementor-element elementor-element-4f14183\" data-id=\"4f14183\" data-element_type=\"column\">\n\t\t\t<div class=\"elementor-widget-wrap elementor-element-populated\">\n\t\t\t\t\t\t<div class=\"elementor-element elementor-element-efae471 elementor-widget elementor-widget-heading\" data-id=\"efae471\" data-element_type=\"widget\" data-widget_type=\"heading.default\">\n\t\t\t\t<div class=\"elementor-widget-container\">\n\t\t\t<h2 class=\"elementor-heading-title elementor-size-default\">Itali\u00eb<\/h2>\t\t<\/div>\n\t\t\t\t<\/div>\n\t\t\t\t<div class=\"elementor-element elementor-element-c6d2002 elementor-widget-divider--view-line elementor-widget elementor-widget-divider\" data-id=\"c6d2002\" data-element_type=\"widget\" data-widget_type=\"divider.default\">\n\t\t\t\t<div class=\"elementor-widget-container\">\n\t\t\t\t\t<div class=\"elementor-divider\">\n\t\t\t<span class=\"elementor-divider-separator\">\n\t\t\t\t\t\t<\/span>\n\t\t<\/div>\n\t\t\t\t<\/div>\n\t\t\t\t<\/div>\n\t\t\t\t<div class=\"elementor-element elementor-element-0c5faa0 elementor-widget elementor-widget-text-editor\" data-id=\"0c5faa0\" data-element_type=\"widget\" data-settings=\"{&quot;_animation&quot;:&quot;none&quot;}\" data-widget_type=\"text-editor.default\">\n\t\t\t\t<div class=\"elementor-widget-container\">\n\t\t\t\t\t\t\t<p><strong>Innight Delivery richting Itali\u00eb<\/strong><\/p><p>Als u uw servicemonteurs in de nacht in Itali\u00eb wilt aanvullen, dan is Speedlink uw partner.<\/p><p>Speedlink exploiteert dagelijks een Air-bridge op Linate (Milaan) en maakt zo een tijdige verbinding met ons partnernetwerk in Itali\u00eb. Service-onderdelen worden voor 8.00 uur \u2019s morgens geleverd in de carrosserie van de servicebusjes van uw buitendienstmedewerkers. Tijdens de Innight-levering worden de retouren opgehaald voor verzending naar uw magazijn in de Benelux.<\/p><p><strong>Omgekeerde logistiek<\/strong><\/p><p>Wij opereren dagelijks vanuit elke locatie in Itali\u00eb, inclusief medische hulpmiddelen van ziekenhuizen of (service)onderdelen van dealers en technici. De retouren worden geconsolideerd en geretourneerd via groepagevervoer.<\/p>\t\t\t\t\t\t<\/div>\n\t\t\t\t<\/div>\n\t\t\t\t\t<\/div>\n\t\t<\/div>\n\t\t\t\t\t<\/div>\n\t\t<\/section>\n\t\t\t\t<\/div>\n\t\t","protected":false},"excerpt":{"rendered":"<p>Itali\u00eb Meer dan 25 jaar ervaring in het afhandelen van internationale zendingen Itali\u00eb Innight Delivery richting Itali\u00eb Als u uw servicemonteurs in de nacht in Itali\u00eb wilt aanvullen, dan is Speedlink uw partner. Speedlink exploiteert dagelijks een Air-bridge op Linate (Milaan) en maakt zo een tijdige verbinding met ons partnernetwerk in Itali\u00eb. Service-onderdelen worden voor [&hellip;]<\/p>\n","protected":false},"author":1,"featured_media":0,"parent":0,"menu_order":0,"comment_status":"closed","ping_status":"closed","template":"","meta":{"site-sidebar-layout":"no-sidebar","site-content-layout":"page-builder","ast-site-content-layout":"default","site-content-style":"default","site-sidebar-style":"default","ast-global-header-display":"","ast-banner-title-visibility":"","ast-main-header-display":"","ast-hfb-above-header-display":"","ast-hfb-below-header-display":"","ast-hfb-mobile-header-display":"","site-post-title":"disabled","ast-breadcrumbs-content":"","ast-featured-img":"disabled","footer-sml-layout":"","ast-disable-related-posts":"","theme-transparent-header-meta":"default","adv-header-id-meta":"","stick-header-meta":"","header-above-stick-meta":"","header-main-stick-meta":"","header-below-stick-meta":"","astra-migrate-meta-layouts":"default","ast-page-background-enabled":"default","ast-page-background-meta":{"desktop":{"background-color":"","background-image":"","background-repeat":"repeat","background-position":"center center","background-size":"auto","background-attachment":"scroll","background-type":"","background-media":"","overlay-type":"","overlay-color":"","overlay-opacity":"","overlay-gradient":""},"tablet":{"background-color":"","background-image":"","background-repeat":"repeat","background-position":"center center","background-size":"auto","background-attachment":"scroll","background-type":"","background-media":"","overlay-type":"","overlay-color":"","overlay-opacity":"","overlay-gradient":""},"mobile":{"background-color":"","background-image":"","background-repeat":"repeat","background-position":"center center","background-size":"auto","background-attachment":"scroll","background-type":"","background-media":"","overlay-type":"","overlay-color":"","overlay-opacity":"","overlay-gradient":""}},"ast-content-background-meta":{"desktop":{"background-color":"var(--ast-global-color-5)","background-image":"","background-repeat":"repeat","background-position":"center center","background-size":"auto","background-attachment":"scroll","background-type":"","background-media":"","overlay-type":"","overlay-color":"","overlay-opacity":"","overlay-gradient":""},"tablet":{"background-color":"var(--ast-global-color-5)","background-image":"","background-repeat":"repeat","background-position":"center center","background-size":"auto","background-attachment":"scroll","background-type":"","background-media":"","overlay-type":"","overlay-color":"","overlay-opacity":"","overlay-gradient":""},"mobile":{"background-color":"var(--ast-global-color-5)","background-image":"","background-repeat":"repeat","background-position":"center center","background-size":"auto","background-attachment":"scroll","background-type":"","background-media":"","overlay-type":"","overlay-color":"","overlay-opacity":"","overlay-gradient":""}}},"yoast_head":"<!-- This site is optimized with the Yoast SEO Premium plugin v18.1 (Yoast SEO v19.7.1) - https:\/\/yoast.com\/wordpress\/plugins\/seo\/ -->\n<title>Itali\u00eb Verzenddiensten | Speedlink Worldwide Express BV<\/title>\n<meta name=\"description\" content=\"Als u uw servicemonteurs &#039;s nachts in Itali\u00eb wilt aanvullen, is Speedlink uw partner | Nachtlevering richting Itali\u00eb\" \/>\n<meta name=\"robots\" content=\"index, follow, max-snippet:-1, max-image-preview:large, max-video-preview:-1\" \/>\n<link rel=\"canonical\" href=\"https:\/\/speedlink.aero\/nl\/italie\/\" \/>\n<meta property=\"og:locale\" content=\"nl_NL\" \/>\n<meta property=\"og:type\" content=\"article\" \/>\n<meta property=\"og:title\" content=\"Itali\u00eb\" \/>\n<meta property=\"og:description\" content=\"Als u uw servicemonteurs &#039;s nachts in Itali\u00eb wilt aanvullen, is Speedlink uw partner | Nachtlevering richting Itali\u00eb\" \/>\n<meta property=\"og:url\" content=\"https:\/\/speedlink.aero\/nl\/italie\/\" \/>\n<meta property=\"og:site_name\" content=\"Speedlink Worldwide Express BV\" \/>\n<meta property=\"article:publisher\" content=\"https:\/\/nl-nl.facebook.com\/SpeedlinkExpress\/\" \/>\n<meta property=\"article:modified_time\" content=\"2021-12-16T08:58:39+00:00\" \/>\n<meta property=\"og:image\" content=\"https:\/\/speedlink.aero\/wp-content\/uploads\/2021\/07\/SpeedlinkLogo2.png\" \/>\n\t<meta property=\"og:image:width\" content=\"1000\" \/>\n\t<meta property=\"og:image:height\" content=\"1000\" \/>\n\t<meta property=\"og:image:type\" content=\"image\/png\" \/>\n<meta name=\"twitter:card\" content=\"summary_large_image\" \/>\n<meta name=\"twitter:site\" content=\"@speedlinknl\" \/>\n<meta name=\"twitter:label1\" content=\"Est. reading time\" \/>\n\t<meta name=\"twitter:data1\" content=\"1 minuut\" \/>\n<script type=\"application\/ld+json\" class=\"yoast-schema-graph\">{\"@context\":\"https:\/\/schema.org\",\"@graph\":[{\"@type\":\"WebPage\",\"@id\":\"https:\/\/speedlink.aero\/nl\/italie\/\",\"url\":\"https:\/\/speedlink.aero\/nl\/italie\/\",\"name\":\"Itali\u00eb Verzenddiensten | Speedlink Worldwide Express BV\",\"isPartOf\":{\"@id\":\"https:\/\/speedlink.aero\/#website\"},\"datePublished\":\"2021-07-29T11:22:19+00:00\",\"dateModified\":\"2021-12-16T08:58:39+00:00\",\"description\":\"Als u uw servicemonteurs 's nachts in Itali\u00eb wilt aanvullen, is Speedlink uw partner | Nachtlevering richting Itali\u00eb\",\"breadcrumb\":{\"@id\":\"https:\/\/speedlink.aero\/nl\/italie\/#breadcrumb\"},\"inLanguage\":\"nl\",\"potentialAction\":[{\"@type\":\"ReadAction\",\"target\":[\"https:\/\/speedlink.aero\/nl\/italie\/\"]}]},{\"@type\":\"BreadcrumbList\",\"@id\":\"https:\/\/speedlink.aero\/nl\/italie\/#breadcrumb\",\"itemListElement\":[{\"@type\":\"ListItem\",\"position\":1,\"name\":\"Home\",\"item\":\"https:\/\/speedlink.aero\/\"},{\"@type\":\"ListItem\",\"position\":2,\"name\":\"Itali\u00eb\"}]},{\"@type\":\"WebSite\",\"@id\":\"https:\/\/speedlink.aero\/#website\",\"url\":\"https:\/\/speedlink.aero\/\",\"name\":\"Speedlink Worldwide Express BV\",\"description\":\"International parcels &amp; Express courier\",\"publisher\":{\"@id\":\"https:\/\/speedlink.aero\/#organization\"},\"inLanguage\":\"nl\"},{\"@type\":\"Organization\",\"@id\":\"https:\/\/speedlink.aero\/#organization\",\"name\":\"Speedlink Worldwide Express BV\",\"url\":\"https:\/\/speedlink.aero\/\",\"sameAs\":[\"https:\/\/www.linkedin.com\/company\/speedlink-worldwide-express-b.v.\/?originalSubdomain=nl\",\"https:\/\/nl-nl.facebook.com\/SpeedlinkExpress\/\",\"https:\/\/twitter.com\/speedlinknl\"],\"logo\":{\"@type\":\"ImageObject\",\"inLanguage\":\"nl\",\"@id\":\"https:\/\/speedlink.aero\/#\/schema\/logo\/image\/\",\"url\":\"https:\/\/speedlink.aero\/wp-content\/uploads\/2021\/07\/SpeedlinkLogo2.png\",\"contentUrl\":\"https:\/\/speedlink.aero\/wp-content\/uploads\/2021\/07\/SpeedlinkLogo2.png\",\"width\":1000,\"height\":1000,\"caption\":\"Speedlink Worldwide Express BV\"},\"image\":{\"@id\":\"https:\/\/speedlink.aero\/#\/schema\/logo\/image\/\"}}]}<\/script>\n<!-- \/ Yoast SEO Premium plugin. -->","yoast_head_json":{"title":"Itali\u00eb Verzenddiensten | Speedlink Worldwide Express BV","description":"Als u uw servicemonteurs 's nachts in Itali\u00eb wilt aanvullen, is Speedlink uw partner | Nachtlevering richting Itali\u00eb","robots":{"index":"index","follow":"follow","max-snippet":"max-snippet:-1","max-image-preview":"max-image-preview:large","max-video-preview":"max-video-preview:-1"},"canonical":"https:\/\/speedlink.aero\/nl\/italie\/","og_locale":"nl_NL","og_type":"article","og_title":"Itali\u00eb","og_description":"Als u uw servicemonteurs 's nachts in Itali\u00eb wilt aanvullen, is Speedlink uw partner | Nachtlevering richting Itali\u00eb","og_url":"https:\/\/speedlink.aero\/nl\/italie\/","og_site_name":"Speedlink Worldwide Express BV","article_publisher":"https:\/\/nl-nl.facebook.com\/SpeedlinkExpress\/","article_modified_time":"2021-12-16T08:58:39+00:00","og_image":[{"width":1000,"height":1000,"url":"https:\/\/speedlink.aero\/wp-content\/uploads\/2021\/07\/SpeedlinkLogo2.png","type":"image\/png"}],"twitter_card":"summary_large_image","twitter_site":"@speedlinknl","twitter_misc":{"Est. reading time":"1 minuut"},"schema":{"@context":"https:\/\/schema.org","@graph":[{"@type":"WebPage","@id":"https:\/\/speedlink.aero\/nl\/italie\/","url":"https:\/\/speedlink.aero\/nl\/italie\/","name":"Itali\u00eb Verzenddiensten | Speedlink Worldwide Express BV","isPartOf":{"@id":"https:\/\/speedlink.aero\/#website"},"datePublished":"2021-07-29T11:22:19+00:00","dateModified":"2021-12-16T08:58:39+00:00","description":"Als u uw servicemonteurs 's nachts in Itali\u00eb wilt aanvullen, is Speedlink uw partner | Nachtlevering richting Itali\u00eb","breadcrumb":{"@id":"https:\/\/speedlink.aero\/nl\/italie\/#breadcrumb"},"inLanguage":"nl","potentialAction":[{"@type":"ReadAction","target":["https:\/\/speedlink.aero\/nl\/italie\/"]}]},{"@type":"BreadcrumbList","@id":"https:\/\/speedlink.aero\/nl\/italie\/#breadcrumb","itemListElement":[{"@type":"ListItem","position":1,"name":"Home","item":"https:\/\/speedlink.aero\/"},{"@type":"ListItem","position":2,"name":"Itali\u00eb"}]},{"@type":"WebSite","@id":"https:\/\/speedlink.aero\/#website","url":"https:\/\/speedlink.aero\/","name":"Speedlink Worldwide Express BV","description":"International parcels &amp; Express courier","publisher":{"@id":"https:\/\/speedlink.aero\/#organization"},"inLanguage":"nl"},{"@type":"Organization","@id":"https:\/\/speedlink.aero\/#organization","name":"Speedlink Worldwide Express BV","url":"https:\/\/speedlink.aero\/","sameAs":["https:\/\/www.linkedin.com\/company\/speedlink-worldwide-express-b.v.\/?originalSubdomain=nl","https:\/\/nl-nl.facebook.com\/SpeedlinkExpress\/","https:\/\/twitter.com\/speedlinknl"],"logo":{"@type":"ImageObject","inLanguage":"nl","@id":"https:\/\/speedlink.aero\/#\/schema\/logo\/image\/","url":"https:\/\/speedlink.aero\/wp-content\/uploads\/2021\/07\/SpeedlinkLogo2.png","contentUrl":"https:\/\/speedlink.aero\/wp-content\/uploads\/2021\/07\/SpeedlinkLogo2.png","width":1000,"height":1000,"caption":"Speedlink Worldwide Express BV"},"image":{"@id":"https:\/\/speedlink.aero\/#\/schema\/logo\/image\/"}}]}},"_links":{"self":[{"href":"https:\/\/speedlink.aero\/nl\/wp-json\/wp\/v2\/pages\/3991"}],"collection":[{"href":"https:\/\/speedlink.aero\/nl\/wp-json\/wp\/v2\/pages"}],"about":[{"href":"https:\/\/speedlink.aero\/nl\/wp-json\/wp\/v2\/types\/page"}],"author":[{"embeddable":true,"href":"https:\/\/speedlink.aero\/nl\/wp-json\/wp\/v2\/users\/1"}],"replies":[{"embeddable":true,"href":"https:\/\/speedlink.aero\/nl\/wp-json\/wp\/v2\/comments?post=3991"}],"version-history":[{"count":5,"href":"https:\/\/speedlink.aero\/nl\/wp-json\/wp\/v2\/pages\/3991\/revisions"}],"predecessor-version":[{"id":5008,"href":"https:\/\/speedlink.aero\/nl\/wp-json\/wp\/v2\/pages\/3991\/revisions\/5008"}],"wp:attachment":[{"href":"https:\/\/speedlink.aero\/nl\/wp-json\/wp\/v2\/media?parent=3991"}],"curies":[{"name":"wp","href":"https:\/\/api.w.org\/{rel}","templated":true}]}}