{"id":7346,"date":"2022-02-18T18:28:03","date_gmt":"2022-02-18T18:28:03","guid":{"rendered":"https:\/\/speedlink.aero\/?page_id=7346"},"modified":"2022-02-18T18:44:57","modified_gmt":"2022-02-18T18:44:57","slug":"nieuws","status":"publish","type":"page","link":"https:\/\/speedlink.aero\/nl\/nieuws\/","title":{"rendered":"Nieuws"},"content":{"rendered":"\t\t<div data-elementor-type=\"wp-page\" data-elementor-id=\"7346\" class=\"elementor elementor-7346\">\n\t\t\t\t\t\t<section class=\"elementor-section elementor-top-section elementor-element elementor-element-df92185 elementor-section-full_width elementor-section-height-default elementor-section-height-default\" data-id=\"df92185\" data-element_type=\"section\">\n\t\t\t\t\t\t<div class=\"elementor-container elementor-column-gap-default\">\n\t\t\t\t\t<div class=\"elementor-column elementor-col-100 elementor-top-column elementor-element elementor-element-63a0334\" data-id=\"63a0334\" data-element_type=\"column\" data-settings=\"{&quot;background_background&quot;:&quot;classic&quot;}\">\n\t\t\t<div class=\"elementor-widget-wrap elementor-element-populated\">\n\t\t\t\t\t\t<div class=\"elementor-element elementor-element-b40ffc4 elementor-widget elementor-widget-heading\" data-id=\"b40ffc4\" data-element_type=\"widget\" data-widget_type=\"heading.default\">\n\t\t\t\t<div class=\"elementor-widget-container\">\n\t\t\t<h2 class=\"elementor-heading-title elementor-size-default\">NIEUWS<\/h2>\t\t<\/div>\n\t\t\t\t<\/div>\n\t\t\t\t\t<\/div>\n\t\t<\/div>\n\t\t\t\t\t<\/div>\n\t\t<\/section>\n\t\t\t\t<section class=\"elementor-section elementor-top-section elementor-element elementor-element-aa0bbd4 elementor-section-boxed elementor-section-height-default elementor-section-height-default\" data-id=\"aa0bbd4\" data-element_type=\"section\">\n\t\t\t\t\t\t<div class=\"elementor-container elementor-column-gap-default\">\n\t\t\t\t\t<div class=\"elementor-column elementor-col-100 elementor-top-column elementor-element elementor-element-07d8b2c\" data-id=\"07d8b2c\" data-element_type=\"column\">\n\t\t\t<div class=\"elementor-widget-wrap elementor-element-populated\">\n\t\t\t\t\t\t<div class=\"elementor-element elementor-element-5591994 elementor-widget elementor-widget-spacer\" data-id=\"5591994\" data-element_type=\"widget\" data-widget_type=\"spacer.default\">\n\t\t\t\t<div class=\"elementor-widget-container\">\n\t\t\t\t\t<div class=\"elementor-spacer\">\n\t\t\t<div class=\"elementor-spacer-inner\"><\/div>\n\t\t<\/div>\n\t\t\t\t<\/div>\n\t\t\t\t<\/div>\n\t\t\t\t\t<\/div>\n\t\t<\/div>\n\t\t\t\t\t<\/div>\n\t\t<\/section>\n\t\t\t\t<section class=\"elementor-section elementor-top-section elementor-element elementor-element-97d1762 elementor-section-boxed elementor-section-height-default elementor-section-height-default\" data-id=\"97d1762\" data-element_type=\"section\">\n\t\t\t\t\t\t<div class=\"elementor-container elementor-column-gap-default\">\n\t\t\t\t\t<div class=\"elementor-column elementor-col-100 elementor-top-column elementor-element elementor-element-12be6f6\" data-id=\"12be6f6\" data-element_type=\"column\" data-settings=\"{&quot;background_background&quot;:&quot;classic&quot;}\">\n\t\t\t<div class=\"elementor-widget-wrap elementor-element-populated\">\n\t\t\t\t\t\t<div class=\"elementor-element elementor-element-7280716 elementor-widget elementor-widget-heading\" data-id=\"7280716\" data-element_type=\"widget\" data-widget_type=\"heading.default\">\n\t\t\t\t<div class=\"elementor-widget-container\">\n\t\t\t<h3 class=\"elementor-heading-title elementor-size-default\">Spaanse multinational Logista versterkt haar netwerk met acquisitie Nederlandse express vervoerder Speedlink Worldwide Express<\/h3>\t\t<\/div>\n\t\t\t\t<\/div>\n\t\t\t\t<div class=\"elementor-element elementor-element-9fffa8e elementor-widget elementor-widget-text-editor\" data-id=\"9fffa8e\" data-element_type=\"widget\" data-widget_type=\"text-editor.default\">\n\t\t\t\t<div class=\"elementor-widget-container\">\n\t\t\t\t\t\t\t<p>18 februari 2022<\/p>\t\t\t\t\t\t<\/div>\n\t\t\t\t<\/div>\n\t\t\t\t<div class=\"elementor-element elementor-element-a9262b6 elementor-widget elementor-widget-image\" data-id=\"a9262b6\" data-element_type=\"widget\" data-widget_type=\"image.default\">\n\t\t\t\t<div class=\"elementor-widget-container\">\n\t\t\t\t\t\t\t\t\t\t\t\t\t<img fetchpriority=\"high\" width=\"902\" height=\"508\" src=\"https:\/\/speedlink.aero\/wp-content\/uploads\/2022\/02\/logista.png\" class=\"attachment-large size-large wp-image-7329\" alt=\"\" srcset=\"https:\/\/speedlink.aero\/wp-content\/uploads\/2022\/02\/logista.png 902w, https:\/\/speedlink.aero\/wp-content\/uploads\/2022\/02\/logista-300x169.png 300w, https:\/\/speedlink.aero\/wp-content\/uploads\/2022\/02\/logista-768x433.png 768w\" sizes=\"(max-width: 902px) 100vw, 902px\" \/>\t\t\t\t\t\t\t\t\t\t\t\t\t<\/div>\n\t\t\t\t<\/div>\n\t\t\t\t<div class=\"elementor-element elementor-element-943739f elementor-widget elementor-widget-text-editor\" data-id=\"943739f\" data-element_type=\"widget\" data-widget_type=\"text-editor.default\">\n\t\t\t\t<div class=\"elementor-widget-container\">\n\t\t\t\t\t\t\t<p>Hoofddorp \u2013 Het beursgenoteerde Logista, eigenaar van onder andere express netwerk Nacex, heeft Speedlink Worldwide Express uit Hoofddorp overgenomen. Speedlink is gespecialiseerd in time critical express door pakketten direct af te leveren aan de hubs van Europese local hero netwerken. Hiermee wordt een snellere en effici\u00ebntere (express) levering met een late cut off (uiterste afhaaltijd) en een zo vroeg mogelijke levering gegarandeerd.<\/p><p>Speedlink &#8211; in 1995 opgericht door Dennis Scheltema- is al sinds 2006 de exclusieve NACEX franchisepartner binnen de Benelux en het bedrijf heeft zich gedurende de afgelopen jaren gespecialiseerd in <em>time critical<\/em> distributie voor medical\/healthcare, high-tech, automotive en e-commerce verticals. De belangrijkste bestemmingen voor Speedlink zijn Spanje, Portugal, Duitsland, Itali\u00eb en het Verenigd Koninkrijk. Scheltema blijft de organisatie leiden en zal zich met steun van NACEX blijven toeleggen op internationale groei en vergroting van het netwerk.<\/p><p>\u00cd\u00f1igo Meir\u00e1s, CEO van Logista: <em>&#8220;Ik ben blij met de acquisitie van Nacex-partner Speedlink, met wie wij een vergelijkbare cultuur delen &#8211; gedreven door het dienstenaanbod aan onze klanten. Met deze transactie vergroten wij onze service portfolio en leggen we tegelijkertijd een basis voor de Europese expansie van NACEX.\u201d<\/em><\/p><p><strong>Over Logista \u2013 <\/strong><a href=\"http:\/\/www.logista.com\">www.logista.com<\/a><strong>\u00a0\u00a0 <\/strong><strong>\u00a0<\/strong><\/p><p>Logista is de marktleider in fijnmazige B2B-distributie in Zuid-Europa. Logista bedient meer dan 200.000 retailpunten in Spanje, Frankrijk, Itali\u00eb, Portugal en Polen en biedt de beste en snelste distributiemogelijkheid voor convenience, pharma\/healthcare, high tech, boeken, magazines, tabak- en loterijproducten. Logista heeft een team van hoog gekwalificeerde professionals met 5.900 werknemers en 15.000 medewerkers en focust zich op het zo effici\u00ebnt en snel mogelijk bedienen van haar klanten.<strong>\u00a0<\/strong><\/p><p><strong>Over NACEX \u2013 <\/strong><a href=\"http:\/\/www.nacex.com\">www.nacex.com<\/a> <strong>\u00a0<\/strong><\/p><p>NACEX, 100% dochter van Logista, is het domestic express netwerk met services naar zakelijke adressen in Zuid-Europa, met een breed portfolio van express services. NACEX heeft een vloot van 2.500 voertuigen, 3.500 medewerkers, 32 sorteerhubs, meer dan 300 franchises\/distributiehubs verdeeld over Spanje, Portugal en Andorra, en meer dan 2.400 NACEX shops.<\/p><p><strong>Over Speedlink<\/strong> <strong>\u2013 <\/strong><a href=\"http:\/\/www.speedlink.aero\">www.speedlink.aero<\/a> <strong>\u00a0<\/strong><\/p><p>Speedlink biedt een wereldwijd express netwerk en tijd-kritische\u00a0<a href=\"https:\/\/speedlink.aero\/nl\/speciale-diensten\/\">special<\/a> services. Hierdoor hoeven klanten nooit concessies te doen in\u00a0 service en snelheid. Speedlink biedt een uniek asset-light netwerkmodel, met directe infeeds in het best beschikbare <em>last mile<\/em> distributienetwerk per land. Door het inbrengen in een lokaal express distributienetwerk via een directe rit of een directe vlucht, wordt de volledige netwerkinfrastructuur van de grote express integrators omzeild. Met deze \u2018netwerkbypass\u2019 wordt tijdrovende sortering, cross-docking en linehauling bespaard, resulterend in een hogere kwaliteit tegen lagere kosten.<\/p>\t\t\t\t\t\t<\/div>\n\t\t\t\t<\/div>\n\t\t\t\t\t<\/div>\n\t\t<\/div>\n\t\t\t\t\t<\/div>\n\t\t<\/section>\n\t\t\t\t<section class=\"elementor-section elementor-top-section elementor-element elementor-element-c7d0583 elementor-section-boxed elementor-section-height-default elementor-section-height-default\" data-id=\"c7d0583\" data-element_type=\"section\">\n\t\t\t\t\t\t<div class=\"elementor-container elementor-column-gap-default\">\n\t\t\t\t\t<div class=\"elementor-column elementor-col-100 elementor-top-column elementor-element elementor-element-64d051f\" data-id=\"64d051f\" data-element_type=\"column\">\n\t\t\t<div class=\"elementor-widget-wrap elementor-element-populated\">\n\t\t\t\t\t\t<div class=\"elementor-element elementor-element-0141745 elementor-widget elementor-widget-spacer\" data-id=\"0141745\" data-element_type=\"widget\" data-widget_type=\"spacer.default\">\n\t\t\t\t<div class=\"elementor-widget-container\">\n\t\t\t\t\t<div class=\"elementor-spacer\">\n\t\t\t<div class=\"elementor-spacer-inner\"><\/div>\n\t\t<\/div>\n\t\t\t\t<\/div>\n\t\t\t\t<\/div>\n\t\t\t\t\t<\/div>\n\t\t<\/div>\n\t\t\t\t\t<\/div>\n\t\t<\/section>\n\t\t\t\t<\/div>\n\t\t","protected":false},"excerpt":{"rendered":"<p>NIEUWS Spaanse multinational Logista versterkt haar netwerk met acquisitie Nederlandse express vervoerder Speedlink Worldwide Express 18 februari 2022 Hoofddorp \u2013 Het beursgenoteerde Logista, eigenaar van onder andere express netwerk Nacex, heeft Speedlink Worldwide Express uit Hoofddorp overgenomen. Speedlink is gespecialiseerd in time critical express door pakketten direct af te leveren aan de hubs van Europese [&hellip;]<\/p>\n","protected":false},"author":1,"featured_media":0,"parent":0,"menu_order":0,"comment_status":"closed","ping_status":"closed","template":"","meta":{"site-sidebar-layout":"no-sidebar","site-content-layout":"page-builder","ast-site-content-layout":"default","site-content-style":"default","site-sidebar-style":"default","ast-global-header-display":"","ast-banner-title-visibility":"","ast-main-header-display":"","ast-hfb-above-header-display":"","ast-hfb-below-header-display":"","ast-hfb-mobile-header-display":"","site-post-title":"disabled","ast-breadcrumbs-content":"","ast-featured-img":"disabled","footer-sml-layout":"","ast-disable-related-posts":"","theme-transparent-header-meta":"","adv-header-id-meta":"","stick-header-meta":"","header-above-stick-meta":"","header-main-stick-meta":"","header-below-stick-meta":"","astra-migrate-meta-layouts":"default","ast-page-background-enabled":"default","ast-page-background-meta":{"desktop":{"background-color":"","background-image":"","background-repeat":"repeat","background-position":"center center","background-size":"auto","background-attachment":"scroll","background-type":"","background-media":"","overlay-type":"","overlay-color":"","overlay-opacity":"","overlay-gradient":""},"tablet":{"background-color":"","background-image":"","background-repeat":"repeat","background-position":"center center","background-size":"auto","background-attachment":"scroll","background-type":"","background-media":"","overlay-type":"","overlay-color":"","overlay-opacity":"","overlay-gradient":""},"mobile":{"background-color":"","background-image":"","background-repeat":"repeat","background-position":"center center","background-size":"auto","background-attachment":"scroll","background-type":"","background-media":"","overlay-type":"","overlay-color":"","overlay-opacity":"","overlay-gradient":""}},"ast-content-background-meta":{"desktop":{"background-color":"var(--ast-global-color-5)","background-image":"","background-repeat":"repeat","background-position":"center center","background-size":"auto","background-attachment":"scroll","background-type":"","background-media":"","overlay-type":"","overlay-color":"","overlay-opacity":"","overlay-gradient":""},"tablet":{"background-color":"var(--ast-global-color-5)","background-image":"","background-repeat":"repeat","background-position":"center center","background-size":"auto","background-attachment":"scroll","background-type":"","background-media":"","overlay-type":"","overlay-color":"","overlay-opacity":"","overlay-gradient":""},"mobile":{"background-color":"var(--ast-global-color-5)","background-image":"","background-repeat":"repeat","background-position":"center center","background-size":"auto","background-attachment":"scroll","background-type":"","background-media":"","overlay-type":"","overlay-color":"","overlay-opacity":"","overlay-gradient":""}}},"yoast_head":"<!-- This site is optimized with the Yoast SEO Premium plugin v18.1 (Yoast SEO v19.7.1) - https:\/\/yoast.com\/wordpress\/plugins\/seo\/ -->\n<title>Nieuws | Speedlink Worldwide Express BV<\/title>\n<meta name=\"description\" content=\"NIEUWS Spaanse multinational Logista versterkt haar netwerk met acquisitie Nederlandse express vervoerder Speedlink Worldwide Express 18 februari 2022\" \/>\n<meta name=\"robots\" content=\"index, follow, max-snippet:-1, max-image-preview:large, max-video-preview:-1\" \/>\n<link rel=\"canonical\" href=\"https:\/\/speedlink.aero\/nl\/press\/\" \/>\n<meta property=\"og:locale\" content=\"nl_NL\" \/>\n<meta property=\"og:type\" content=\"article\" \/>\n<meta property=\"og:title\" content=\"Nieuws\" \/>\n<meta property=\"og:description\" content=\"NIEUWS Spaanse multinational Logista versterkt haar netwerk met acquisitie Nederlandse express vervoerder Speedlink Worldwide Express 18 februari 2022\" \/>\n<meta property=\"og:url\" content=\"https:\/\/speedlink.aero\/press\/\" \/>\n<meta property=\"og:site_name\" content=\"Speedlink Worldwide Express BV\" \/>\n<meta property=\"article:publisher\" content=\"https:\/\/nl-nl.facebook.com\/SpeedlinkExpress\/\" \/>\n<meta property=\"article:modified_time\" content=\"2022-02-18T18:44:57+00:00\" \/>\n<meta property=\"og:image\" content=\"https:\/\/speedlink.aero\/wp-content\/uploads\/2022\/02\/logista.png\" \/>\n<meta name=\"twitter:card\" content=\"summary_large_image\" \/>\n<meta name=\"twitter:site\" content=\"@speedlinknl\" \/>\n<meta name=\"twitter:label1\" content=\"Geschatte leestijd\" \/>\n\t<meta name=\"twitter:data1\" content=\"3 minuten\" \/>\n<script type=\"application\/ld+json\" class=\"yoast-schema-graph\">{\"@context\":\"https:\/\/schema.org\",\"@graph\":[{\"@type\":\"WebPage\",\"@id\":\"https:\/\/speedlink.aero\/press\/\",\"url\":\"https:\/\/speedlink.aero\/press\/\",\"name\":\"Nieuws | Speedlink Worldwide Express BV\",\"isPartOf\":{\"@id\":\"https:\/\/speedlink.aero\/#website\"},\"datePublished\":\"2022-02-18T18:28:03+00:00\",\"dateModified\":\"2022-02-18T18:44:57+00:00\",\"description\":\"NIEUWS Spaanse multinational Logista versterkt haar netwerk met acquisitie Nederlandse express vervoerder Speedlink Worldwide Express 18 februari 2022\",\"breadcrumb\":{\"@id\":\"https:\/\/speedlink.aero\/press\/#breadcrumb\"},\"inLanguage\":\"nl\",\"potentialAction\":[{\"@type\":\"ReadAction\",\"target\":[\"https:\/\/speedlink.aero\/press\/\"]}]},{\"@type\":\"BreadcrumbList\",\"@id\":\"https:\/\/speedlink.aero\/press\/#breadcrumb\",\"itemListElement\":[{\"@type\":\"ListItem\",\"position\":1,\"name\":\"Home\",\"item\":\"https:\/\/speedlink.aero\/\"},{\"@type\":\"ListItem\",\"position\":2,\"name\":\"Nieuws\"}]},{\"@type\":\"WebSite\",\"@id\":\"https:\/\/speedlink.aero\/#website\",\"url\":\"https:\/\/speedlink.aero\/\",\"name\":\"Speedlink Worldwide Express BV\",\"description\":\"International parcels &amp; Express courier\",\"publisher\":{\"@id\":\"https:\/\/speedlink.aero\/#organization\"},\"inLanguage\":\"nl\"},{\"@type\":\"Organization\",\"@id\":\"https:\/\/speedlink.aero\/#organization\",\"name\":\"Speedlink Worldwide Express BV\",\"url\":\"https:\/\/speedlink.aero\/\",\"sameAs\":[\"https:\/\/www.linkedin.com\/company\/speedlink-worldwide-express-b.v.\/?originalSubdomain=nl\",\"https:\/\/nl-nl.facebook.com\/SpeedlinkExpress\/\",\"https:\/\/twitter.com\/speedlinknl\"],\"logo\":{\"@type\":\"ImageObject\",\"inLanguage\":\"nl\",\"@id\":\"https:\/\/speedlink.aero\/#\/schema\/logo\/image\/\",\"url\":\"https:\/\/speedlink.aero\/wp-content\/uploads\/2021\/07\/SpeedlinkLogo2.png\",\"contentUrl\":\"https:\/\/speedlink.aero\/wp-content\/uploads\/2021\/07\/SpeedlinkLogo2.png\",\"width\":1000,\"height\":1000,\"caption\":\"Speedlink Worldwide Express BV\"},\"image\":{\"@id\":\"https:\/\/speedlink.aero\/#\/schema\/logo\/image\/\"}}]}<\/script>\n<!-- \/ Yoast SEO Premium plugin. -->","yoast_head_json":{"title":"Nieuws | Speedlink Worldwide Express BV","description":"NIEUWS Spaanse multinational Logista versterkt haar netwerk met acquisitie Nederlandse express vervoerder Speedlink Worldwide Express 18 februari 2022","robots":{"index":"index","follow":"follow","max-snippet":"max-snippet:-1","max-image-preview":"max-image-preview:large","max-video-preview":"max-video-preview:-1"},"canonical":"https:\/\/speedlink.aero\/nl\/press\/","og_locale":"nl_NL","og_type":"article","og_title":"Nieuws","og_description":"NIEUWS Spaanse multinational Logista versterkt haar netwerk met acquisitie Nederlandse express vervoerder Speedlink Worldwide Express 18 februari 2022","og_url":"https:\/\/speedlink.aero\/press\/","og_site_name":"Speedlink Worldwide Express BV","article_publisher":"https:\/\/nl-nl.facebook.com\/SpeedlinkExpress\/","article_modified_time":"2022-02-18T18:44:57+00:00","og_image":[{"url":"https:\/\/speedlink.aero\/wp-content\/uploads\/2022\/02\/logista.png"}],"twitter_card":"summary_large_image","twitter_site":"@speedlinknl","twitter_misc":{"Geschatte leestijd":"3 minuten"},"schema":{"@context":"https:\/\/schema.org","@graph":[{"@type":"WebPage","@id":"https:\/\/speedlink.aero\/press\/","url":"https:\/\/speedlink.aero\/press\/","name":"Nieuws | Speedlink Worldwide Express BV","isPartOf":{"@id":"https:\/\/speedlink.aero\/#website"},"datePublished":"2022-02-18T18:28:03+00:00","dateModified":"2022-02-18T18:44:57+00:00","description":"NIEUWS Spaanse multinational Logista versterkt haar netwerk met acquisitie Nederlandse express vervoerder Speedlink Worldwide Express 18 februari 2022","breadcrumb":{"@id":"https:\/\/speedlink.aero\/press\/#breadcrumb"},"inLanguage":"nl","potentialAction":[{"@type":"ReadAction","target":["https:\/\/speedlink.aero\/press\/"]}]},{"@type":"BreadcrumbList","@id":"https:\/\/speedlink.aero\/press\/#breadcrumb","itemListElement":[{"@type":"ListItem","position":1,"name":"Home","item":"https:\/\/speedlink.aero\/"},{"@type":"ListItem","position":2,"name":"Nieuws"}]},{"@type":"WebSite","@id":"https:\/\/speedlink.aero\/#website","url":"https:\/\/speedlink.aero\/","name":"Speedlink Worldwide Express BV","description":"International parcels &amp; Express courier","publisher":{"@id":"https:\/\/speedlink.aero\/#organization"},"inLanguage":"nl"},{"@type":"Organization","@id":"https:\/\/speedlink.aero\/#organization","name":"Speedlink Worldwide Express BV","url":"https:\/\/speedlink.aero\/","sameAs":["https:\/\/www.linkedin.com\/company\/speedlink-worldwide-express-b.v.\/?originalSubdomain=nl","https:\/\/nl-nl.facebook.com\/SpeedlinkExpress\/","https:\/\/twitter.com\/speedlinknl"],"logo":{"@type":"ImageObject","inLanguage":"nl","@id":"https:\/\/speedlink.aero\/#\/schema\/logo\/image\/","url":"https:\/\/speedlink.aero\/wp-content\/uploads\/2021\/07\/SpeedlinkLogo2.png","contentUrl":"https:\/\/speedlink.aero\/wp-content\/uploads\/2021\/07\/SpeedlinkLogo2.png","width":1000,"height":1000,"caption":"Speedlink Worldwide Express BV"},"image":{"@id":"https:\/\/speedlink.aero\/#\/schema\/logo\/image\/"}}]}},"_links":{"self":[{"href":"https:\/\/speedlink.aero\/nl\/wp-json\/wp\/v2\/pages\/7346"}],"collection":[{"href":"https:\/\/speedlink.aero\/nl\/wp-json\/wp\/v2\/pages"}],"about":[{"href":"https:\/\/speedlink.aero\/nl\/wp-json\/wp\/v2\/types\/page"}],"author":[{"embeddable":true,"href":"https:\/\/speedlink.aero\/nl\/wp-json\/wp\/v2\/users\/1"}],"replies":[{"embeddable":true,"href":"https:\/\/speedlink.aero\/nl\/wp-json\/wp\/v2\/comments?post=7346"}],"version-history":[{"count":8,"href":"https:\/\/speedlink.aero\/nl\/wp-json\/wp\/v2\/pages\/7346\/revisions"}],"predecessor-version":[{"id":7356,"href":"https:\/\/speedlink.aero\/nl\/wp-json\/wp\/v2\/pages\/7346\/revisions\/7356"}],"wp:attachment":[{"href":"https:\/\/speedlink.aero\/nl\/wp-json\/wp\/v2\/media?parent=7346"}],"curies":[{"name":"wp","href":"https:\/\/api.w.org\/{rel}","templated":true}]}}